{"id":6100,"date":"2021-01-28T15:47:25","date_gmt":"2021-01-28T15:47:25","guid":{"rendered":"http:\/\/lobsterfromcanada.com\/acheter-du-homard-canadien\/"},"modified":"2021-04-20T14:32:56","modified_gmt":"2021-04-20T14:32:56","slug":"acheter-du-homard-canadien","status":"publish","type":"page","link":"https:\/\/lobsterfromcanada.com\/fr\/acheter-du-homard-canadien\/","title":{"rendered":"Acheter du homard canadien"},"content":{"rendered":"<div class=\"wpb-content-wrapper\">[vc_row full_width=\u00a0\u00bbstretch_row\u00a0\u00bb css=\u00a0\u00bb.vc_custom_1594389097559{margin-top: 0px !important;margin-bottom: 0px !important;padding-top: 0px !important;padding-bottom: 0px !important;}\u00a0\u00bb el_class=\u00a0\u00bbhero-menu-container\u00a0\u00bb][vc_column]\n\t\t\t<!-- START Buy Lobster REVOLUTION SLIDER 6.6.15 --><p class=\"rs-p-wp-fix\"><\/p>\n\t\t\t<rs-module-wrap id=\"rev_slider_11_1_wrapper\" data-source=\"gallery\" style=\"visibility:hidden;background:transparent;padding:0;margin:0px auto;margin-top:0;margin-bottom:0;\">\n\t\t\t\t<rs-module id=\"rev_slider_11_1\" style=\"\" data-version=\"6.6.15\">\n\t\t\t\t\t<rs-slides style=\"overflow: hidden; position: absolute;\">\n\t\t\t\t\t\t<rs-slide style=\"position: absolute;\" data-key=\"rs-16\" data-title=\"Slide\" data-anim=\"r:0;\" data-in=\"o:1;\" data-out=\"o:1;\">\n\t\t\t\t\t\t\t<img decoding=\"async\" src=\"\/\/lobsterfromcanada.com\/wp-content\/plugins\/revslider\/public\/assets\/assets\/dummy.png\" alt=\"\" title=\"Acheter du homard canadien\" class=\"rev-slidebg tp-rs-img rs-lazyload\" data-lazyload=\"\/\/lobsterfromcanada.com\/wp-content\/uploads\/hero-buy-lobster.jpg\" data-no-retina>\n<!--\n\t\t\t\t\t\t\t--><rs-layer\n\t\t\t\t\t\t\t\tid=\"slider-11-slide-16-layer-1\" \n\t\t\t\t\t\t\t\tdata-type=\"text\"\n\t\t\t\t\t\t\t\tdata-color=\"rgba(255,255,255,1)\"\n\t\t\t\t\t\t\t\tdata-rsp_ch=\"on\"\n\t\t\t\t\t\t\t\tdata-xy=\"x:c;y:m;\"\n\t\t\t\t\t\t\t\tdata-text=\"s:60,60,40,40;l:22;a:inherit;\"\n\t\t\t\t\t\t\t\tdata-frame_0=\"tp:600;\"\n\t\t\t\t\t\t\t\tdata-frame_1=\"tp:600;\"\n\t\t\t\t\t\t\t\tdata-frame_999=\"o:0;tp:600;st:w;sR:8700;\"\n\t\t\t\t\t\t\t\tstyle=\"z-index:9;font-family:'Roboto';\"\n\t\t\t\t\t\t\t>Buy Canadian Lobster \n\t\t\t\t\t\t\t<\/rs-layer><!--\n\n\t\t\t\t\t\t\t--><a\n\t\t\t\t\t\t\t\tid=\"slider-11-slide-16-layer-2\" \n\t\t\t\t\t\t\t\tclass=\"rs-layer\"\n\t\t\t\t\t\t\t\thref=\"\/en\/buy-canadian-lobster\/\" target=\"_self\" rel=\"nofollow\"\n\t\t\t\t\t\t\t\tdata-type=\"shape\"\n\t\t\t\t\t\t\t\tdata-rsp_ch=\"on\"\n\t\t\t\t\t\t\t\tdata-xy=\"xo:-306px,-252px,-191px,-117px;yo:4px,3px,2px,1px;\"\n\t\t\t\t\t\t\t\tdata-text=\"w:normal;s:20,16,12,7;l:0,20,15,9;\"\n\t\t\t\t\t\t\t\tdata-dim=\"w:1852px,1529px,1161px,716px;h:386px,318px,241px,148px;\"\n\t\t\t\t\t\t\t\tdata-frame_999=\"o:0;st:w;\"\n\t\t\t\t\t\t\t\tstyle=\"z-index:8;background-color:rgba(0,0,0,0);\"\n\t\t\t\t\t\t\t> \n\t\t\t\t\t\t\t<\/a><!--\n-->\t\t\t\t\t\t<\/rs-slide>\n\t\t\t\t\t<\/rs-slides>\n\t\t\t\t<\/rs-module>\n\t\t\t\t<script>\n\t\t\t\t\tsetREVStartSize({c: 'rev_slider_11_1',rl:[1240,1024,778,480],el:[400,400,400,250],gw:[1240,1024,778,480],gh:[400,400,400,250],type:'hero',justify:'',layout:'fullwidth',mh:\"0\"});if (window.RS_MODULES!==undefined && window.RS_MODULES.modules!==undefined && window.RS_MODULES.modules[\"revslider111\"]!==undefined) {window.RS_MODULES.modules[\"revslider111\"].once = false;window.revapi11 = undefined;if (window.RS_MODULES.checkMinimal!==undefined) window.RS_MODULES.checkMinimal()}\n\t\t\t\t<\/script>\n\t\t\t<\/rs-module-wrap>\n\t\t\t<!-- END REVOLUTION SLIDER -->\n[vc_wp_custommenu nav_menu=\u00a0\u00bb38&Prime; el_class=\u00a0\u00bbcustom-sub-menu\u00a0\u00bb][\/vc_column][\/vc_row][vc_row][vc_column][vc_widget_sidebar sidebar_id=\u00a0\u00bbca-sidebar-5772&Prime;][\/vc_column][\/vc_row][vc_row][vc_column][vc_custom_heading source=\u00a0\u00bbpost_title\u00a0\u00bb font_container=\u00a0\u00bbtag:h2|text_align:left|color:%23c8102e\u00a0\u00bb google_fonts=\u00a0\u00bbfont_family:Open%20Sans%3A300%2C300italic%2Cregular%2Citalic%2C600%2C600italic%2C700%2C700italic%2C800%2C800italic|font_style:400%20regular%3A400%3Anormal\u00a0\u00bb css_animation=\u00a0\u00bbnone\u00a0\u00bb][vc_single_image image=\u00a0\u00bb4829&Prime; img_size=\u00a0\u00bbfull\u00a0\u00bb alignment=\u00a0\u00bbcenter\u00a0\u00bb css=\u00a0\u00bb.vc_custom_1594134305302{padding-top: 1.5rem !important;}\u00a0\u00bb][\/vc_column][\/vc_row][vc_row][vc_column][vc_column_text el_class=\u00a0\u00bblead\u00a0\u00bb]Les transformateurs, les exp\u00e9diteurs de homards vivants et les distributeurs de homards canadiens sont toujours pr\u00eats \u00e0 vous fournir le traitement et l\u2019emballage appropri\u00e9s, des homards toujours frais et adapt\u00e9s \u00e0 vos besoins. Le homard canadien est disponible sous des centaines de formes diff\u00e9rentes en fonction de votre pr\u00e9paration, votre style, votre situation g\u00e9ographique et votre activit\u00e9.[\/vc_column_text][vc_single_image image=\u00a0\u00bb4830&Prime; img_size=\u00a0\u00bbfull\u00a0\u00bb alignment=\u00a0\u00bbcenter\u00a0\u00bb][\/vc_column][\/vc_row][vc_row el_class=\u00a0\u00bbsubpage-content d-none\u00a0\u00bb el_id=\u00a0\u00bbEU-Importers\u00a0\u00bb][vc_column][vc_custom_heading text=\u00a0\u00bbImportateurs de l\u2019UE\u00a0\u00bb google_fonts=\u00a0\u00bbfont_family:Source%20Sans%20Pro%3A200%2C200italic%2C300%2C300italic%2Cregular%2Citalic%2C600%2C600italic%2C700%2C700italic%2C900%2C900italic|font_style:400%20regular%3A400%3Anormal\u00a0\u00bb el_class=\u00a0\u00bbsub-section-heading\u00a0\u00bb][vc_column_text]\u00c0 compl\u00e9ter par Phaff.[\/vc_column_text][\/vc_column][vc_column][vc_separator][\/vc_column][\/vc_row][vc_row el_class=\u00a0\u00bbsubpage-content\u00a0\u00bb el_id=\u00a0\u00bbCanadian-Lobster-Direct\u00a0\u00bb][vc_column][vc_custom_heading text=\u00a0\u00bbCanadian Lobster Direct\u00a0\u00bb google_fonts=\u00a0\u00bbfont_family:Source%20Sans%20Pro%3A200%2C200italic%2C300%2C300italic%2Cregular%2Citalic%2C600%2C600italic%2C700%2C700italic%2C900%2C900italic|font_style:400%20regular%3A400%3Anormal\u00a0\u00bb el_class=\u00a0\u00bbsub-section-heading\u00a0\u00bb][vc_column_text]Les membres de notre conseil sont toujours pr\u00eats \u00e0 vous aider \u00e0 trouver le traitement, l\u2019emballage et la livraison les plus appropri\u00e9s. Pour vous procurer le meilleur homard du monde, commencez ici.<\/p>\n<p>Consultez notre r\u00e9pertoire et nos contacts pour la recherche des transformateurs et des d\u00e9taillants de notre  r\u00e9gion du Canada atlantique.[\/vc_column_text][\/vc_column][\/vc_row][vc_row full_width=\u00a0\u00bbstretch_row\u00a0\u00bb css=\u00a0\u00bb.vc_custom_1600876958679{padding-top: 6rem !important;padding-bottom: 6rem !important;background-image: url(https:\/\/lobsterfromcanada.com\/wp-content\/uploads\/2020\/04\/wood-50.png?id=4833) !important;}\u00a0\u00bb el_class=\u00a0\u00bbmore-to-explore-container\u00a0\u00bb][vc_column][vc_column_text el_class=\u00a0\u00bbsubfooter\u00a0\u00bb]\n<h2>En savoir plus<\/h2>\n[\/vc_column_text][vc_single_image image=\u00a0\u00bb4830&Prime; img_size=\u00a0\u00bbfull\u00a0\u00bb alignment=\u00a0\u00bbcenter\u00a0\u00bb]<div class='base2grid more-to-explore' data-groupby='' data-prefix='' data-suffix=''>\n<div class=\"wpb_column vc_column_container vc_col-sm-3\">\n<div class=\"vc_column-inner\">\n<div class=\"wpb_wrapper\">\n<div class=\"true-image-box-1\">\n<div class=\"true-img-wrap\">[vc_single_image source=\u00a0\u00bbfeatured_image\u00a0\u00bb css_animation=\u00a0\u00bbtop-to-bottom\u00a0\u00bb img_size=\u00a0\u00bblarge\u00a0\u00bb onclick=\u00a0\u00bbcustom_link\u00a0\u00bb link=\u00a0\u00bbhttps:\/\/lobsterfromcanada.com\/fr\/le-homard-dans-lue\/\u00a0\u00bb]<\/div>\n<div class=\"true-text-wrap\">\n<h3>Le homard dans l\u2019UE<\/h3>\n<div>[vc_row full_width=\u00a0\u00bbstretch_row\u00a0\u00bb css=\u00a0\u00bb.vc_custom_1594389097559{margin-top: 0px !important;margin-bottom: 0px !important;padding-top: 0px !important;padding-bottom: 0px !important;}\u00a0\u00bb el_class=\u00a0\u00bbhero-menu-container\u00a0\u00bb][vc_column][vc_wp_custommenu nav_menu=\u00a0\u00bb35&Prime; el_class=\u00a0\u00bbcustom-sub-menu\u00a0\u00bb][\/vc_column][\/vc_row][vc_row][vc_column][vc_widget_sidebar sidebar_id=\u00a0\u00bbca-sidebar-5772&Prime;][\/vc_column][\/vc_row][vc_row][vc_column][vc_custom_heading source=\u00a0\u00bbpost_title\u00a0\u00bb font_container=\u00a0\u00bbtag:h2|text_align:left|color:%23c8102e\u00a0\u00bb google_fonts=\u00a0\u00bbfont_family:Open%20Sans%3A300%2C300italic%2Cregular%2Citalic%2C600%2C600italic%2C700%2C700italic%2C800%2C800italic|font_style:400%20regular%3A400%3Anormal\u00a0\u00bb css_animation=\u00a0\u00bbnone\u00a0\u00bb][vc_single_image image=\u00a0\u00bb4829&Prime; img_size=\u00a0\u00bbfull\u00a0\u00bb alignment=\u00a0\u00bbcenter\u00a0\u00bb css=\u00a0\u00bb.vc_custom_1594134305302{padding-top: 1.5rem !important;}\u00a0\u00bb][\/vc_column][\/vc_row][vc_row el_class=\u00a0\u00bbsubpage-content\u00a0\u00bb el_id=\u00a0\u00bbCETA-and-Zero-Import-Tariffs\u00a0\u00bb][vc_column][vc_custom_heading text=\u00a0\u00bbL\u2019AECG et l\u2019\u00e9limination des droits de douane\u00a0\u00bb google_fonts=\u00a0\u00bbfont_family:Source%20Sans%20Pro%3A200%2C200italic%2C300%2C300italic%2Cregular%2Citalic%2C600%2C600italic%2C700%2C700italic%2C900%2C900italic|font_style:400%20regular%3A400%3Anormal\u00a0\u00bb el_class=\u00a0\u00bbsub-section-heading\u00a0\u00bb][vc_column_text]L\u2019accord \u00e9conomique et commercial global (AECG) entre le Canada et l\u2019Union europ\u00e9enne (UE) est un accord commercial progressif qui soutient et d\u00e9fend les valeurs que le Canada partage avec l\u2019UE. Cet accord historique a \u00e9t\u00e9 sign\u00e9 le 30 octobre 2016 et est entr\u00e9 en vigueur ...<\/div>\n<p><a class=\"ka_button tt_ medium_button medium_cherry\" role=\"button\" href=\"https:\/\/lobsterfromcanada.com\/fr\/le-homard-dans-lue\/\">En savoir plus<\/a><\/div>\n<\/div>\n<\/div>\n<\/div>\n<\/div>\n\n<div class=\"wpb_column vc_column_container vc_col-sm-3\">\n<div class=\"vc_column-inner\">\n<div class=\"wpb_wrapper\">\n<div class=\"true-image-box-1\">\n<div class=\"true-img-wrap\">[vc_single_image source=\u00a0\u00bbfeatured_image\u00a0\u00bb css_animation=\u00a0\u00bbtop-to-bottom\u00a0\u00bb img_size=\u00a0\u00bblarge\u00a0\u00bb onclick=\u00a0\u00bbcustom_link\u00a0\u00bb link=\u00a0\u00bbhttps:\/\/lobsterfromcanada.com\/fr\/manipulation-du-homard\/\u00a0\u00bb]<\/div>\n<div class=\"true-text-wrap\">\n<h3>Manipulation du homard<\/h3>\n<div>[vc_row full_width=\u00a0\u00bbstretch_row\u00a0\u00bb css=\u00a0\u00bb.vc_custom_1594389097559{margin-top: 0px !important;margin-bottom: 0px !important;padding-top: 0px !important;padding-bottom: 0px !important;}\u00a0\u00bb el_class=\u00a0\u00bbhero-menu-container\u00a0\u00bb][vc_column][vc_wp_custommenu nav_menu=\u00a0\u00bb44&Prime; el_class=\u00a0\u00bbcustom-sub-menu\u00a0\u00bb][\/vc_column][\/vc_row][vc_row][vc_column][vc_widget_sidebar sidebar_id=\u00a0\u00bbca-sidebar-5772&Prime;][\/vc_column][\/vc_row][vc_row][vc_column][vc_custom_heading source=\u00a0\u00bbpost_title\u00a0\u00bb font_container=\u00a0\u00bbtag:h2|text_align:left|color:%23c8102e\u00a0\u00bb google_fonts=\u00a0\u00bbfont_family:Open%20Sans%3A300%2C300italic%2Cregular%2Citalic%2C600%2C600italic%2C700%2C700italic%2C800%2C800italic|font_style:400%20regular%3A400%3Anormal\u00a0\u00bb css_animation=\u00a0\u00bbnone\u00a0\u00bb][vc_single_image image=\u00a0\u00bb4829&Prime; img_size=\u00a0\u00bbfull\u00a0\u00bb alignment=\u00a0\u00bbcenter\u00a0\u00bb css=\u00a0\u00bb.vc_custom_1594134305302{padding-top: 1.5rem !important;}\u00a0\u00bb][\/vc_column][\/vc_row][vc_row][vc_column][vc_column_text el_class=\u00a0\u00bblead\u00a0\u00bb]Le homard est p\u00each\u00e9 dans tout l\u2019est du Canada, dans les cinq provinces suivantes : Nouvelle-\u00c9cosse, Nouveau-Brunswick, \u00cele-du-Prince-\u00c9douard, Terre-Neuve-et-Labrador et Qu\u00e9bec. Le homard p\u00each\u00e9 est vendu vivant et transform\u00e9 sous des centaines de formes, y compris la chair de homard fra\u00eeche et les queues congel\u00e9es, la chair, les homards entiers en carapace, ainsi que de ...<\/div>\n<p><a class=\"ka_button tt_ medium_button medium_cherry\" role=\"button\" href=\"https:\/\/lobsterfromcanada.com\/fr\/manipulation-du-homard\/\">En savoir plus<\/a><\/div>\n<\/div>\n<\/div>\n<\/div>\n<\/div>\n\n<div class=\"wpb_column vc_column_container vc_col-sm-3\">\n<div class=\"vc_column-inner\">\n<div class=\"wpb_wrapper\">\n<div class=\"true-image-box-1\">\n<div class=\"true-img-wrap\">[vc_single_image source=\u00a0\u00bbfeatured_image\u00a0\u00bb css_animation=\u00a0\u00bbtop-to-bottom\u00a0\u00bb img_size=\u00a0\u00bblarge\u00a0\u00bb onclick=\u00a0\u00bbcustom_link\u00a0\u00bb link=\u00a0\u00bbhttps:\/\/lobsterfromcanada.com\/fr\/durabilite-et-tracabilite\/\u00a0\u00bb]<\/div>\n<div class=\"true-text-wrap\">\n<h3>Durabilit\u00e9 et tra\u00e7abilit\u00e9<\/h3>\n<div>[vc_row full_width=\u00a0\u00bbstretch_row\u00a0\u00bb el_class=\u00a0\u00bbhero-menu-container\u00a0\u00bb][vc_column][rev_slider_vc alias=\u00a0\u00bbsustainability\u00a0\u00bb][vc_wp_custommenu nav_menu=\u00a0\u00bb42&Prime; el_class=\u00a0\u00bbcustom-sub-menu for-members\u00a0\u00bb][\/vc_column][\/vc_row][vc_row css=\u00a0\u00bb.vc_custom_1600701631971{margin-top: 0px !important;padding-top: 0px !important;}\u00a0\u00bb][vc_column][vc_widget_sidebar sidebar_id=\u00a0\u00bbca-sidebar-5772&Prime;][\/vc_column][\/vc_row][vc_row][vc_column css=\u00a0\u00bb.vc_custom_1594143508245{margin-bottom: 0px !important;padding-bottom: 0px !important;}\u00a0\u00bb][vc_custom_heading source=\u00a0\u00bbpost_title\u00a0\u00bb font_container=\u00a0\u00bbtag:h2|text_align:left|color:%23c8102e\u00a0\u00bb google_fonts=\u00a0\u00bbfont_family:Open%20Sans%3A300%2C300italic%2Cregular%2Citalic%2C600%2C600italic%2C700%2C700italic%2C800%2C800italic|font_style:400%20regular%3A400%3Anormal\u00a0\u00bb css_animation=\u00a0\u00bbnone\u00a0\u00bb][vc_single_image image=\u00a0\u00bb4829&Prime; img_size=\u00a0\u00bbfull\u00a0\u00bb alignment=\u00a0\u00bbcenter\u00a0\u00bb css=\u00a0\u00bb.vc_custom_1594143497536{padding-top: 1.5rem !important;padding-bottom: 0px !important;}\u00a0\u00bb][\/vc_column][\/vc_row][vc_row el_class=\u00a0\u00bbsubpage-content\u00a0\u00bb][vc_column][vc_column_text]<br \/>\nLa r\u00e9glementation de la p\u00eache au homard au Canada est la plus stricte au monde. Nous pr\u00e9servons la sant\u00e9 et la stabilit\u00e9 de la population de l\u2019Homarus americanus, en veillant \u00e0 ce que la quantit\u00e9 de homards que nous p\u00eachons aujourd\u2019hui soit \u00e9quilibr\u00e9e pour assurer l\u2019avenir.<br \/>\n[\/vc_column_text][vc_column_text]Les consommateurs et ...<\/div>\n<p><a class=\"ka_button tt_ medium_button medium_cherry\" role=\"button\" href=\"https:\/\/lobsterfromcanada.com\/fr\/durabilite-et-tracabilite\/\">En savoir plus<\/a><\/div>\n<\/div>\n<\/div>\n<\/div>\n<\/div>\n\n<div class=\"wpb_column vc_column_container vc_col-sm-3\">\n<div class=\"vc_column-inner\">\n<div class=\"wpb_wrapper\">\n<div class=\"true-image-box-1\">\n<div class=\"true-img-wrap\">[vc_single_image source=\u00a0\u00bbfeatured_image\u00a0\u00bb css_animation=\u00a0\u00bbtop-to-bottom\u00a0\u00bb img_size=\u00a0\u00bblarge\u00a0\u00bb onclick=\u00a0\u00bbcustom_link\u00a0\u00bb link=\u00a0\u00bbhttps:\/\/lobsterfromcanada.com\/fr\/\u00a0\u00bb]<\/div>\n<div class=\"true-text-wrap\">\n<h3>Page d\u2019accueil<\/h3>\n<div>[vc_row full_width=\u00a0\u00bbstretch_row_content_no_spaces\u00a0\u00bb css_animation=\u00a0\u00bbfadeIn\u00a0\u00bb el_class=\u00a0\u00bbhome-header-banner\u00a0\u00bb][vc_column][rev_slider_vc alias=\u00a0\u00bbhomev2&Prime;][\/vc_column][\/vc_row][vc_row full_width=\u00a0\u00bbstretch_row\u00a0\u00bb css=\u00a0\u00bb.vc_custom_1607782303004{background-image: url(https:\/\/lobsterfromcanada.com\/wp-content\/uploads\/2020\/04\/Lobster-Website-Texture-Paper2.png?id=4775) !important;}\u00a0\u00bb el_class=\u00a0\u00bbpaper-banner\u00a0\u00bb][vc_column][vc_widget_sidebar sidebar_id=\u00a0\u00bbca-sidebar-5772&Prime;][vc_column_text]<br \/>\nNotre homard est notre culture, notre fiert\u00e9 et la joie du partage<br \/>\n[\/vc_column_text][\/vc_column][\/vc_row][vc_row full_width=\u00a0\u00bbstretch_row\u00a0\u00bb css=\u00a0\u00bb.vc_custom_1607550008172{margin-bottom: 30px !important;background-color: rgba(255,255,255,0.6) !important;*background-color: rgb(255,255,255) !important;}\u00a0\u00bb][vc_column][vc_column_text el_class=\u00a0\u00bblead pt-3 mb-3&Prime;]Que ce soit dans un chalet en Toscane ou dans un restaurant \u00e9toil\u00e9 Michelin \u00e0 Paris, nous aimons tous le luxe et le c\u00e9l\u00e9brons avec du homard. Les chefs, les d\u00e9taillants et les clients europ\u00e9ens savent que, quel que soit le plat, le plus important est ...<\/div>\n<p><a class=\"ka_button tt_ medium_button medium_cherry\" role=\"button\" href=\"https:\/\/lobsterfromcanada.com\/fr\/\">En savoir plus<\/a><\/div>\n<\/div>\n<\/div>\n<\/div>\n<\/div>\n<\/div>[\/vc_column][\/vc_row]\n<\/div>","protected":false},"excerpt":{"rendered":"<p>[vc_row full_width=\u00a0\u00bbstretch_row_content_no_spaces\u00a0\u00bb css_animation=\u00a0\u00bbfadeIn\u00a0\u00bb el_class=\u00a0\u00bbhome-header-banner\u00a0\u00bb][vc_column][rev_slider_vc alias=\u00a0\u00bbhomev2&Prime;][\/vc_column][\/vc_row][vc_row full_width=\u00a0\u00bbstretch_row\u00a0\u00bb css=\u00a0\u00bb.vc_custom_1607782303004{background-image: url(https:\/\/lobsterfromcanada.com\/wp-content\/uploads\/2020\/04\/Lobster-Website-Texture-Paper2.png?id=4775) !important;}\u00a0\u00bb el_class=\u00a0\u00bbpaper-banner\u00a0\u00bb][vc_column][vc_widget_sidebar sidebar_id=\u00a0\u00bbca-sidebar-5772&Prime;][vc_column_text]<br \/>\nNotre homard est notre culture, notre fiert\u00e9 et la joie du partage<br \/>\n[\/vc_column_text][\/vc_column][\/vc_row][vc_row full_width=\u00a0\u00bbstretch_row\u00a0\u00bb css=\u00a0\u00bb.vc_custom_1607550008172{margin-bottom: 30px !important;background-color: rgba(255,255,255,0.6) !important;*background-color: rgb(255,255,255) !important;}\u00a0\u00bb][vc_column][vc_column_text el_class=\u00a0\u00bblead pt-3 mb-3&Prime;]Que ce soit dans un chalet en Toscane ou dans un restaurant \u00e9toil\u00e9 Michelin \u00e0 Paris, nous aimons tous le luxe et le c\u00e9l\u00e9brons avec du homard. Les chefs, les d\u00e9taillants et les clients europ\u00e9ens savent que, quel que soit le plat, le plus important est &#8230;<\/p>\n","protected":false},"author":11,"featured_media":6077,"parent":0,"menu_order":0,"comment_status":"closed","ping_status":"closed","template":"","meta":{"_acf_changed":false,"inline_featured_image":false,"footnotes":""},"tags":[],"class_list":["post-6100","page","type-page","status-publish","has-post-thumbnail","hentry"],"acf":[],"_links":{"self":[{"href":"https:\/\/lobsterfromcanada.com\/fr\/wp-json\/wp\/v2\/pages\/6100","targetHints":{"allow":["GET"]}}],"collection":[{"href":"https:\/\/lobsterfromcanada.com\/fr\/wp-json\/wp\/v2\/pages"}],"about":[{"href":"https:\/\/lobsterfromcanada.com\/fr\/wp-json\/wp\/v2\/types\/page"}],"author":[{"embeddable":true,"href":"https:\/\/lobsterfromcanada.com\/fr\/wp-json\/wp\/v2\/users\/11"}],"replies":[{"embeddable":true,"href":"https:\/\/lobsterfromcanada.com\/fr\/wp-json\/wp\/v2\/comments?post=6100"}],"version-history":[{"count":0,"href":"https:\/\/lobsterfromcanada.com\/fr\/wp-json\/wp\/v2\/pages\/6100\/revisions"}],"wp:featuredmedia":[{"embeddable":true,"href":"https:\/\/lobsterfromcanada.com\/fr\/wp-json\/wp\/v2\/media\/6077"}],"wp:attachment":[{"href":"https:\/\/lobsterfromcanada.com\/fr\/wp-json\/wp\/v2\/media?parent=6100"}],"wp:term":[{"taxonomy":"post_tag","embeddable":true,"href":"https:\/\/lobsterfromcanada.com\/fr\/wp-json\/wp\/v2\/tags?post=6100"}],"curies":[{"name":"wp","href":"https:\/\/api.w.org\/{rel}","templated":true}]}}