{"id":6267,"date":"2021-02-18T21:37:28","date_gmt":"2021-02-18T21:37:28","guid":{"rendered":"http:\/\/lobsterfromcanada.com\/bogavante-en-la-ue\/"},"modified":"2021-02-19T02:05:09","modified_gmt":"2021-02-19T02:05:09","slug":"bogavante-en-la-ue","status":"publish","type":"page","link":"https:\/\/lobsterfromcanada.com\/es\/bogavante-en-la-ue\/","title":{"rendered":"Bogavante en la UE"},"content":{"rendered":"<div class=\"wpb-content-wrapper\">[vc_row full_width=\u00bbstretch_row\u00bb css=\u00bb.vc_custom_1594389097559{margin-top: 0px !important;margin-bottom: 0px !important;padding-top: 0px !important;padding-bottom: 0px !important;}\u00bb el_class=\u00bbhero-menu-container\u00bb][vc_column]\n\t\t\t<!-- START Lobster in the EU ES REVOLUTION SLIDER 6.6.15 --><p class=\"rs-p-wp-fix\"><\/p>\n\t\t\t<rs-module-wrap id=\"rev_slider_30_1_wrapper\" data-source=\"gallery\" style=\"visibility:hidden;background:transparent;padding:0;margin:0px auto;margin-top:0;margin-bottom:0;\">\n\t\t\t\t<rs-module id=\"rev_slider_30_1\" style=\"\" data-version=\"6.6.15\">\n\t\t\t\t\t<rs-slides style=\"overflow: hidden; position: absolute;\">\n\t\t\t\t\t\t<rs-slide style=\"position: absolute;\" data-key=\"rs-35\" data-title=\"Slide\" data-anim=\"r:0;\" data-in=\"o:1;\" data-out=\"o:1;\">\n\t\t\t\t\t\t\t<img decoding=\"async\" src=\"\/\/lobsterfromcanada.com\/wp-content\/plugins\/revslider\/public\/assets\/assets\/dummy.png\" alt=\"\" title=\"Bogavante en la UE\" class=\"rev-slidebg tp-rs-img rs-lazyload\" data-lazyload=\"\/\/lobsterfromcanada.com\/wp-content\/uploads\/hero-all-about-lobster.jpg\" data-no-retina>\n<!--\n\t\t\t\t\t\t\t--><rs-layer\n\t\t\t\t\t\t\t\tid=\"slider-30-slide-35-layer-1\" \n\t\t\t\t\t\t\t\tdata-type=\"text\"\n\t\t\t\t\t\t\t\tdata-color=\"rgba(255,255,255,1)\"\n\t\t\t\t\t\t\t\tdata-rsp_ch=\"on\"\n\t\t\t\t\t\t\t\tdata-xy=\"x:c;y:m;\"\n\t\t\t\t\t\t\t\tdata-text=\"s:60,60,40,40;l:22;a:inherit;\"\n\t\t\t\t\t\t\t\tdata-frame_0=\"tp:600;\"\n\t\t\t\t\t\t\t\tdata-frame_1=\"tp:600;\"\n\t\t\t\t\t\t\t\tdata-frame_999=\"o:0;tp:600;st:w;sR:8700;\"\n\t\t\t\t\t\t\t\tstyle=\"z-index:9;font-family:'Roboto';\"\n\t\t\t\t\t\t\t>Bogavante en la UE \n\t\t\t\t\t\t\t<\/rs-layer><!--\n\n\t\t\t\t\t\t\t--><a\n\t\t\t\t\t\t\t\tid=\"slider-30-slide-35-layer-2\" \n\t\t\t\t\t\t\t\tclass=\"rs-layer\"\n\t\t\t\t\t\t\t\thref=\"\/es\/bogavante-en-la-ue\/\" target=\"_self\" rel=\"nofollow\"\n\t\t\t\t\t\t\t\tdata-type=\"shape\"\n\t\t\t\t\t\t\t\tdata-rsp_ch=\"on\"\n\t\t\t\t\t\t\t\tdata-xy=\"xo:-304px,-251px,-190px,-117px;yo:2px,1px,0,0;\"\n\t\t\t\t\t\t\t\tdata-text=\"w:normal;s:20,16,12,7;l:0,20,15,9;\"\n\t\t\t\t\t\t\t\tdata-dim=\"w:1841px,1520px,1154px,711px;h:388px,320px,243px,149px;\"\n\t\t\t\t\t\t\t\tdata-frame_999=\"o:0;st:w;\"\n\t\t\t\t\t\t\t\tstyle=\"z-index:7;background-color:rgba(0,0,0,0);\"\n\t\t\t\t\t\t\t> \n\t\t\t\t\t\t\t<\/a><!--\n-->\t\t\t\t\t\t<\/rs-slide>\n\t\t\t\t\t<\/rs-slides>\n\t\t\t\t<\/rs-module>\n\t\t\t\t<script>\n\t\t\t\t\tsetREVStartSize({c: 'rev_slider_30_1',rl:[1240,1024,778,480],el:[400,400,400,250],gw:[1240,1024,778,480],gh:[400,400,400,250],type:'hero',justify:'',layout:'fullwidth',mh:\"0\"});if (window.RS_MODULES!==undefined && window.RS_MODULES.modules!==undefined && window.RS_MODULES.modules[\"revslider301\"]!==undefined) {window.RS_MODULES.modules[\"revslider301\"].once = false;window.revapi30 = undefined;if (window.RS_MODULES.checkMinimal!==undefined) window.RS_MODULES.checkMinimal()}\n\t\t\t\t<\/script>\n\t\t\t<\/rs-module-wrap>\n\t\t\t<!-- END REVOLUTION SLIDER -->\n[vc_wp_custommenu nav_menu=\u00bb35&#8243; el_class=\u00bbcustom-sub-menu\u00bb][\/vc_column][\/vc_row][vc_row][vc_column][vc_widget_sidebar sidebar_id=\u00bbca-sidebar-5772&#8243;][\/vc_column][\/vc_row][vc_row][vc_column][vc_custom_heading source=\u00bbpost_title\u00bb font_container=\u00bbtag:h2|text_align:left|color:%23c8102e\u00bb google_fonts=\u00bbfont_family:Open%20Sans%3A300%2C300italic%2Cregular%2Citalic%2C600%2C600italic%2C700%2C700italic%2C800%2C800italic|font_style:400%20regular%3A400%3Anormal\u00bb css_animation=\u00bbnone\u00bb][vc_single_image image=\u00bb4829&#8243; img_size=\u00bbfull\u00bb alignment=\u00bbcenter\u00bb css=\u00bb.vc_custom_1594134305302{padding-top: 1.5rem !important;}\u00bb][\/vc_column][\/vc_row][vc_row el_class=\u00bbsubpage-content\u00bb el_id=\u00bbCETA-and-Zero-Import-Tariffs\u00bb][vc_column][vc_custom_heading text=\u00bbCETA y aranceles de importaci\u00f3n cero\u00bb google_fonts=\u00bbfont_family:Source%20Sans%20Pro%3A200%2C200italic%2C300%2C300italic%2Cregular%2Citalic%2C600%2C600italic%2C700%2C700italic%2C900%2C900italic|font_style:400%20regular%3A400%3Anormal\u00bb el_class=\u00bbsub-section-heading\u00bb][vc_column_text]El Acuerdo Econ\u00f3mico y Comercial Integral (CETA) entre Canad\u00e1 y la Uni\u00f3n Europea (UE) es un acuerdo comercial progresivo que defiende y promueve los valores que Canad\u00e1 comparte con la UE. Este acuerdo hist\u00f3rico se firm\u00f3 el 30 de octubre de 2016 y entr\u00f3 en vigor en Canad\u00e1 y en la UE el 21 de septiembre de 2017.<\/p>\n<div class=\"float-stickie right\">Antes del CETA, los aranceles de la UE para el pescado y el marisco se situaban en una media del 11 % y pod\u00edan llegar al 25 %.<\/div>\n<ul>\n<li>En el marco del CETA, casi el 96 % de las partidas arancelarias de la UE para el pescado y los productos del mar est\u00e1n exentas de aranceles. El 100 % de estas partidas arancelarias quedar\u00e1n exentas de aranceles despu\u00e9s de siete a\u00f1os. El 100 % de los aranceles de productos del mar se eliminar\u00e1n gradualmente para 2024; el 100 % de las partidas arancelarias de bogavante se eliminar\u00e1n gradualmente para 2022.<\/li>\n<\/ul>\n<p>Con el CETA, los exportadores canadienses de pescados y mariscos ahora pueden disfrutar de las ventajas creadas por el acuerdo frente a los competidores de pa\u00edses que no tienen un acuerdo comercial preferencial vigente con la UE.[\/vc_column_text][vc_column_text]<div id=\"footable_parent_6266\"\n         class=\" footable_parent ninja_table_wrapper loading_ninja_table wp_table_data_press_parent bootstrap4 \">\n                <table data-ninja_table_instance=\"ninja_table_instance_0\" data-footable_id=\"6266\" data-filter-delay=\"1000\" aria-label=\"Tariffs ES\"            id=\"footable_6266\"\n           data-unique_identifier=\"ninja_table_unique_id_3051819825_6266\"\n           class=\" foo-table ninja_footable foo_table_6266 ninja_table_unique_id_3051819825_6266 table  nt_type_ajax_table table-bordered vertical_centered  footable-paging-right ninja_table_search_disabled\">\n                <colgroup>\n                            <col class=\"ninja_column_0 \">\n                            <col class=\"ninja_column_1 \">\n                            <col class=\"ninja_column_2 \">\n                    <\/colgroup>\n            <\/table>\n    \n    \n    \n<\/div>\n[\/vc_column_text][vc_column_text]Las exportaciones de productos del mar canadienses tambi\u00e9n est\u00e1n sometidas a regulaciones no relacionadas con el CETA:<\/p>\n<ul>\n<li style=\"list-style-type: none;\">\n<ul>\n<li>El pescado y los mariscos exportados a la UE deben proceder de un establecimiento autorizado.<\/li>\n<li>Se requiere un certificado de captura, emitido por el Departamento de Pesca y Oc\u00e9anos, para demostrar que el producto ha sido capturado legalmente.<\/li>\n<li>Etiquetado seg\u00fan la nueva normativa de la UE vigente a partir de diciembre de 2014.<\/li>\n<li>El certificado de salud de la Agencia Canadiense de Inspecci\u00f3n de Alimentos debe acompa\u00f1ar a los env\u00edos.<\/li>\n<li>Los niveles m\u00e1ximos de residuos (por ejemplo, cadmio en las ostras) deben respetarse seg\u00fan los requisitos de la UE.<\/li>\n<\/ul>\n<\/li>\n<\/ul>\n[\/vc_column_text][\/vc_column][\/vc_row][vc_row el_class=\u00bbsubpage-content\u00bb el_id=\u00bbLobster-in-the-United-Kingdom\u00bb][vc_column][vc_custom_heading text=\u00bbBogavante en el Reino Unido\u00bb google_fonts=\u00bbfont_family:Source%20Sans%20Pro%3A200%2C200italic%2C300%2C300italic%2Cregular%2Citalic%2C600%2C600italic%2C700%2C700italic%2C900%2C900italic|font_style:400%20regular%3A400%3Anormal\u00bb el_class=\u00bbsub-section-heading\u00bb][vc_column_text]A la luz de la salida del Reino Unido de la Uni\u00f3n Europea, a partir del 1 de enero de 2021, el CETA ya no se aplicar\u00e1 al comercio con el Reino Unido. El Acuerdo de Continuidad Comercial entre Canad\u00e1 y el Reino Unido, un acuerdo interino que estar\u00e1 vigente mientras Canad\u00e1 y el Reino Unido trabajan para negociar un acuerdo de libre comercio integral, proporcionar\u00e1 acceso continuo a los beneficios del CETA sobre una base bilateral, incluida la eliminaci\u00f3n de aranceles sobre el 98\u00a0% de los productos canadienses exportados al Reino Unido.<\/p>\n<p>Para los productos de bogavante a\u00fan sujetos a aranceles, el Acuerdo de Continuidad Comercial entre Canad\u00e1 y el Reino Unido reflejar\u00e1 la fase programada descrita en el CETA.[\/vc_column_text][\/vc_column][vc_column][vc_separator][\/vc_column][\/vc_row][vc_row el_class=\u00bbsubpage-content\u00bb el_id=\u00bbBringing-Canadian-Lobster-to-the-EU\u00bb][vc_column][vc_custom_heading text=\u00bbTransporte de el bogavante canadiense a la UE\u00bb google_fonts=\u00bbfont_family:Source%20Sans%20Pro%3A200%2C200italic%2C300%2C300italic%2Cregular%2Citalic%2C600%2C600italic%2C700%2C700italic%2C900%2C900italic|font_style:400%20regular%3A400%3Anormal\u00bb el_class=\u00bbsub-section-heading\u00bb][vc_column_text]El aeropuerto Halifax Stanfield, ubicado en la provincia de Nueva Escocia, es el aeropuerto canadiense atl\u00e1ntico m\u00e1s grande y representa el v\u00ednculo continental m\u00e1s cercano de Am\u00e9rica del Norte a la Uni\u00f3n Europea.<\/p>\n<p>La principal exportaci\u00f3n a\u00e9rea de Halifax la constituyen los mariscos frescos, incluido el bogavante canadiense. Los env\u00edos de bogavante generalmente se envasan en contenedores para preservar la frescura y se env\u00edan a destinos en todo el mundo. Durante la temporada navide\u00f1a, el deseo por nuestras delicias del oc\u00e9ano aumenta, especialmente en Europa.<\/p>\n<p>Los importadores, recolectores y productores trabajar\u00e1n con usted para garantizar que los productos que busca le lleguen con la frescura e integridad \u00f3ptimas.<\/p>\n<p>El bogavante canadiense es una delicia durante todo el a\u00f1o y se puede importar en una variedad de formatos para satisfacer sus necesidades.[\/vc_column_text][\/vc_column][vc_column][vc_separator][\/vc_column][\/vc_row][vc_row full_width=\u00bbstretch_row\u00bb css=\u00bb.vc_custom_1600876958679{padding-top: 6rem !important;padding-bottom: 6rem !important;background-image: url(https:\/\/lobsterfromcanada.com\/wp-content\/uploads\/2020\/04\/wood-50.png?id=4833) !important;}\u00bb el_class=\u00bbmore-to-explore-container\u00bb][vc_column][vc_column_text el_class=\u00bbsubfooter\u00bb]\n<h2>M\u00e1s por descubrir<\/h2>\n[\/vc_column_text][vc_single_image image=\u00bb4830&#8243; img_size=\u00bbfull\u00bb alignment=\u00bbcenter\u00bb]<div class='base2grid more-to-explore' data-groupby='' data-prefix='' data-suffix=''>\n<div class=\"wpb_column vc_column_container vc_col-sm-3\">\n<div class=\"vc_column-inner\">\n<div class=\"wpb_wrapper\">\n<div class=\"true-image-box-1\">\n<div class=\"true-img-wrap\">[vc_single_image source=\u00bbfeatured_image\u00bb css_animation=\u00bbtop-to-bottom\u00bb img_size=\u00bblarge\u00bb onclick=\u00bbcustom_link\u00bb link=\u00bbhttps:\/\/lobsterfromcanada.com\/es\/compra-de-bogavante-canadiense\/\u00bb]<\/div>\n<div class=\"true-text-wrap\">\n<h3>Compra de bogavante canadiense<\/h3>\n<div>[vc_row full_width=\u00bbstretch_row\u00bb css=\u00bb.vc_custom_1594389097559{margin-top: 0px !important;margin-bottom: 0px !important;padding-top: 0px !important;padding-bottom: 0px !important;}\u00bb el_class=\u00bbhero-menu-container\u00bb][vc_column][vc_wp_custommenu nav_menu=\u00bb38&#8243; el_class=\u00bbcustom-sub-menu\u00bb][\/vc_column][\/vc_row][vc_row][vc_column][vc_widget_sidebar sidebar_id=\u00bbca-sidebar-5772&#8243;][\/vc_column][\/vc_row][vc_row][vc_column][vc_custom_heading source=\u00bbpost_title\u00bb font_container=\u00bbtag:h2|text_align:left|color:%23c8102e\u00bb google_fonts=\u00bbfont_family:Open%20Sans%3A300%2C300italic%2Cregular%2Citalic%2C600%2C600italic%2C700%2C700italic%2C800%2C800italic|font_style:400%20regular%3A400%3Anormal\u00bb css_animation=\u00bbnone\u00bb][vc_single_image image=\u00bb4829&#8243; img_size=\u00bbfull\u00bb alignment=\u00bbcenter\u00bb css=\u00bb.vc_custom_1594134305302{padding-top: 1.5rem !important;}\u00bb][\/vc_column][\/vc_row][vc_row][vc_column][vc_column_text el_class=\u00bblead\u00bb]Los procesadores, transportistas de producto vivo y distribuidores de bogavante canadiense siempre estar\u00e1n encantados de ayudarlo para un procesamiento y envasado adecuados, siempre adaptados a sus necesidades. El bogavante canadiense est\u00e1 disponible en cientos de formas diferentes para ajustarse a la preparaci\u00f3n, estilo, ubicaci\u00f3n y negocio de cada cliente.[\/vc_column_text][vc_single_image image=\u00bb4830&#8243; img_size=\u00bbfull\u00bb alignment=\u00bbcenter\u00bb][\/vc_column][\/vc_row][vc_row el_class=\u00bbsubpage-content d-none\u00bb el_id=\u00bbEU-Importers\u00bb][vc_column][vc_custom_heading ...<\/div>\n<p><a class=\"ka_button tt_ medium_button medium_cherry\" role=\"button\" href=\"https:\/\/lobsterfromcanada.com\/es\/compra-de-bogavante-canadiense\/\">Ver m\u00e1s<\/a><\/p>\n<\/div>\n<\/div>\n<\/div>\n<\/div>\n<\/div>\n\n<div class=\"wpb_column vc_column_container vc_col-sm-3\">\n<div class=\"vc_column-inner\">\n<div class=\"wpb_wrapper\">\n<div class=\"true-image-box-1\">\n<div class=\"true-img-wrap\">[vc_single_image source=\u00bbfeatured_image\u00bb css_animation=\u00bbtop-to-bottom\u00bb img_size=\u00bblarge\u00bb onclick=\u00bbcustom_link\u00bb link=\u00bbhttps:\/\/lobsterfromcanada.com\/es\/manipulacion-del-bogavante\/\u00bb]<\/div>\n<div class=\"true-text-wrap\">\n<h3>Manipulaci\u00f3n del bogavante<\/h3>\n<div>[vc_row full_width=\u00bbstretch_row\u00bb css=\u00bb.vc_custom_1594389097559{margin-top: 0px !important;margin-bottom: 0px !important;padding-top: 0px !important;padding-bottom: 0px !important;}\u00bb el_class=\u00bbhero-menu-container\u00bb][vc_column][vc_wp_custommenu nav_menu=\u00bb44&#8243; el_class=\u00bbcustom-sub-menu\u00bb][\/vc_column][\/vc_row][vc_row][vc_column][vc_widget_sidebar sidebar_id=\u00bbca-sidebar-5772&#8243;][\/vc_column][\/vc_row][vc_row][vc_column][vc_custom_heading source=\u00bbpost_title\u00bb font_container=\u00bbtag:h2|text_align:left|color:%23c8102e\u00bb google_fonts=\u00bbfont_family:Open%20Sans%3A300%2C300italic%2Cregular%2Citalic%2C600%2C600italic%2C700%2C700italic%2C800%2C800italic|font_style:400%20regular%3A400%3Anormal\u00bb css_animation=\u00bbnone\u00bb][vc_single_image image=\u00bb4829&#8243; img_size=\u00bbfull\u00bb alignment=\u00bbcenter\u00bb css=\u00bb.vc_custom_1594134305302{padding-top: 1.5rem !important;}\u00bb][\/vc_column][\/vc_row][vc_row][vc_column][vc_column_text el_class=\u00bblead\u00bb]Los bogavantes se recolectan en el este de Canad\u00e1, en las cinco provincias que incluyen Nueva Escocia, Nuevo Brunswick, Isla del Pr\u00edncipe Eduardo, Terranova y Labrador y Quebec. El bogavante recolectado se vende vivo y en cientos de formas procesadas, que incluyen carne de bogavante fresco y colas congeladas, entero con caparaz\u00f3n y muchos otros ...<\/div>\n<p><a class=\"ka_button tt_ medium_button medium_cherry\" role=\"button\" href=\"https:\/\/lobsterfromcanada.com\/es\/manipulacion-del-bogavante\/\">Ver m\u00e1s<\/a><\/p>\n<\/div>\n<\/div>\n<\/div>\n<\/div>\n<\/div>\n\n<div class=\"wpb_column vc_column_container vc_col-sm-3\">\n<div class=\"vc_column-inner\">\n<div class=\"wpb_wrapper\">\n<div class=\"true-image-box-1\">\n<div class=\"true-img-wrap\">[vc_single_image source=\u00bbfeatured_image\u00bb css_animation=\u00bbtop-to-bottom\u00bb img_size=\u00bblarge\u00bb onclick=\u00bbcustom_link\u00bb link=\u00bbhttps:\/\/lobsterfromcanada.com\/es\/sostenibilidad-y-trazabilidad\/\u00bb]<\/div>\n<div class=\"true-text-wrap\">\n<h3>Sostenibilidad y trazabilidad<\/h3>\n<div>[vc_row full_width=\u00bbstretch_row\u00bb el_class=\u00bbhero-menu-container\u00bb][vc_column][rev_slider_vc alias=\u00bbsustainability-and-traceability-es\u00bb][vc_wp_custommenu nav_menu=\u00bb42&#8243; el_class=\u00bbcustom-sub-menu for-members\u00bb][\/vc_column][\/vc_row][vc_row css=\u00bb.vc_custom_1600701631971{margin-top: 0px !important;padding-top: 0px !important;}\u00bb][vc_column][vc_widget_sidebar sidebar_id=\u00bbca-sidebar-5772&#8243;][\/vc_column][\/vc_row][vc_row][vc_column css=\u00bb.vc_custom_1594143508245{margin-bottom: 0px !important;padding-bottom: 0px !important;}\u00bb][vc_custom_heading source=\u00bbpost_title\u00bb font_container=\u00bbtag:h2|text_align:left|color:%23c8102e\u00bb google_fonts=\u00bbfont_family:Open%20Sans%3A300%2C300italic%2Cregular%2Citalic%2C600%2C600italic%2C700%2C700italic%2C800%2C800italic|font_style:400%20regular%3A400%3Anormal\u00bb css_animation=\u00bbnone\u00bb][vc_single_image image=\u00bb4829&#8243; img_size=\u00bbfull\u00bb alignment=\u00bbcenter\u00bb css=\u00bb.vc_custom_1594143497536{padding-top: 1.5rem !important;padding-bottom: 0px !important;}\u00bb][\/vc_column][\/vc_row][vc_row el_class=\u00bbsubpage-content\u00bb][vc_column][vc_column_text]<br \/>\nLa pesca de bogavante canadiense es una de las m\u00e1s cuidadosamente controladas del mundo. Preservamos la salud y la estabilidad de la poblaci\u00f3n de Homarus americanus, controlando cu\u00e1nto tomamos hoy para proteger el futuro de la especie.<br \/>\n[\/vc_column_text][vc_column_text]Los consumidores y distribuidores son ahora m\u00e1s conscientes que nunca de la ...<\/div>\n<p><a class=\"ka_button tt_ medium_button medium_cherry\" role=\"button\" href=\"https:\/\/lobsterfromcanada.com\/es\/sostenibilidad-y-trazabilidad\/\">Ver m\u00e1s<\/a><\/p>\n<\/div>\n<\/div>\n<\/div>\n<\/div>\n<\/div>\n\n<div class=\"wpb_column vc_column_container vc_col-sm-3\">\n<div class=\"vc_column-inner\">\n<div class=\"wpb_wrapper\">\n<div class=\"true-image-box-1\">\n<div class=\"true-img-wrap\">[vc_single_image source=\u00bbfeatured_image\u00bb css_animation=\u00bbtop-to-bottom\u00bb img_size=\u00bblarge\u00bb onclick=\u00bbcustom_link\u00bb link=\u00bbhttps:\/\/lobsterfromcanada.com\/es\/el-mundo-del-bogavante-canadiense\/\u00bb]<\/div>\n<div class=\"true-text-wrap\">\n<h3>El mundo del bogavante canadiense<\/h3>\n<div>[vc_row full_width=\u00bbstretch_row\u00bb css=\u00bb.vc_custom_1594389616316{margin-top: 0px !important;margin-bottom: 0px !important;padding-top: 0px !important;padding-bottom: 0px !important;}\u00bb el_class=\u00bbhero-menu-container\u00bb][vc_column][vc_wp_custommenu nav_menu=\u00bb36&#8243; el_class=\u00bbcustom-sub-menu\u00bb][\/vc_column][\/vc_row][vc_row css=\u00bb.vc_custom_1607788334851{margin-top: 0px !important;padding-top: 0px !important;}\u00bb][vc_column][vc_widget_sidebar sidebar_id=\u00bbca-sidebar-5772&#8243;][\/vc_column][\/vc_row][vc_row][vc_column css=\u00bb.vc_custom_1594143508245{margin-bottom: 0px !important;padding-bottom: 0px !important;}\u00bb][vc_custom_heading source=\u00bbpost_title\u00bb font_container=\u00bbtag:h2|text_align:left|color:%23c8102e\u00bb google_fonts=\u00bbfont_family:Open%20Sans%3A300%2C300italic%2Cregular%2Citalic%2C600%2C600italic%2C700%2C700italic%2C800%2C800italic|font_style:400%20regular%3A400%3Anormal\u00bb css_animation=\u00bbnone\u00bb][vc_single_image image=\u00bb4829&#8243; img_size=\u00bbfull\u00bb alignment=\u00bbcenter\u00bb css=\u00bb.vc_custom_1594143497536{padding-top: 1.5rem !important;padding-bottom: 0px !important;}\u00bb][\/vc_column][\/vc_row][vc_row el_class=\u00bbsubpage-content\u00bb el_id=\u00bbCanadian-Lobster-Best-in-the-World\u00bb][vc_column][vc_custom_heading text=\u00bbBogavante canadiense: El mejor del mundo\u00bb google_fonts=\u00bbfont_family:Source%20Sans%20Pro%3A200%2C200italic%2C300%2C300italic%2Cregular%2Citalic%2C600%2C600italic%2C700%2C700italic%2C900%2C900italic|font_style:400%20regular%3A400%3Anormal\u00bb el_class=\u00bbsub-section-heading\u00bb][vc_column_text]El bogavante canadiense es uno de los manjares m\u00e1s tentadores del oc\u00e9ano. Una vez que se descubren los numerosos formatos del producto, c\u00f3mo y d\u00f3nde comprar, c\u00f3mo almacenar y preparar, el bogavante se convierte ...<\/div>\n<p><a class=\"ka_button tt_ medium_button medium_cherry\" role=\"button\" href=\"https:\/\/lobsterfromcanada.com\/es\/el-mundo-del-bogavante-canadiense\/\">Ver m\u00e1s<\/a><\/p>\n<\/div>\n<\/div>\n<\/div>\n<\/div>\n<\/div>\n<\/div>[\/vc_column][\/vc_row]\n<\/div>","protected":false},"excerpt":{"rendered":"<p>[vc_row full_width=\u00bbstretch_row\u00bb css=\u00bb.vc_custom_1594389616316{margin-top: 0px !important;margin-bottom: 0px !important;padding-top: 0px !important;padding-bottom: 0px !important;}\u00bb el_class=\u00bbhero-menu-container\u00bb][vc_column][vc_wp_custommenu nav_menu=\u00bb36&#8243; el_class=\u00bbcustom-sub-menu\u00bb][\/vc_column][\/vc_row][vc_row css=\u00bb.vc_custom_1607788334851{margin-top: 0px !important;padding-top: 0px !important;}\u00bb][vc_column][vc_widget_sidebar sidebar_id=\u00bbca-sidebar-5772&#8243;][\/vc_column][\/vc_row][vc_row][vc_column css=\u00bb.vc_custom_1594143508245{margin-bottom: 0px !important;padding-bottom: 0px !important;}\u00bb][vc_custom_heading source=\u00bbpost_title\u00bb font_container=\u00bbtag:h2|text_align:left|color:%23c8102e\u00bb google_fonts=\u00bbfont_family:Open%20Sans%3A300%2C300italic%2Cregular%2Citalic%2C600%2C600italic%2C700%2C700italic%2C800%2C800italic|font_style:400%20regular%3A400%3Anormal\u00bb css_animation=\u00bbnone\u00bb][vc_single_image image=\u00bb4829&#8243; img_size=\u00bbfull\u00bb alignment=\u00bbcenter\u00bb css=\u00bb.vc_custom_1594143497536{padding-top: 1.5rem !important;padding-bottom: 0px !important;}\u00bb][\/vc_column][\/vc_row][vc_row el_class=\u00bbsubpage-content\u00bb el_id=\u00bbCanadian-Lobster-Best-in-the-World\u00bb][vc_column][vc_custom_heading text=\u00bbBogavante canadiense: El mejor del mundo\u00bb google_fonts=\u00bbfont_family:Source%20Sans%20Pro%3A200%2C200italic%2C300%2C300italic%2Cregular%2Citalic%2C600%2C600italic%2C700%2C700italic%2C900%2C900italic|font_style:400%20regular%3A400%3Anormal\u00bb el_class=\u00bbsub-section-heading\u00bb][vc_column_text]El bogavante canadiense es uno de los manjares m\u00e1s tentadores del oc\u00e9ano. Una vez que se descubren los numerosos formatos del producto, c\u00f3mo y d\u00f3nde comprar, c\u00f3mo almacenar y preparar, el bogavante se convierte &#8230;<\/p>\n","protected":false},"author":11,"featured_media":6168,"parent":0,"menu_order":0,"comment_status":"closed","ping_status":"closed","template":"","meta":{"_acf_changed":false,"inline_featured_image":false,"footnotes":""},"tags":[75],"class_list":["post-6267","page","type-page","status-publish","has-post-thumbnail","hentry","tag-home-feature-es"],"acf":[],"_links":{"self":[{"href":"https:\/\/lobsterfromcanada.com\/es\/wp-json\/wp\/v2\/pages\/6267","targetHints":{"allow":["GET"]}}],"collection":[{"href":"https:\/\/lobsterfromcanada.com\/es\/wp-json\/wp\/v2\/pages"}],"about":[{"href":"https:\/\/lobsterfromcanada.com\/es\/wp-json\/wp\/v2\/types\/page"}],"author":[{"embeddable":true,"href":"https:\/\/lobsterfromcanada.com\/es\/wp-json\/wp\/v2\/users\/11"}],"replies":[{"embeddable":true,"href":"https:\/\/lobsterfromcanada.com\/es\/wp-json\/wp\/v2\/comments?post=6267"}],"version-history":[{"count":0,"href":"https:\/\/lobsterfromcanada.com\/es\/wp-json\/wp\/v2\/pages\/6267\/revisions"}],"wp:featuredmedia":[{"embeddable":true,"href":"https:\/\/lobsterfromcanada.com\/es\/wp-json\/wp\/v2\/media\/6168"}],"wp:attachment":[{"href":"https:\/\/lobsterfromcanada.com\/es\/wp-json\/wp\/v2\/media?parent=6267"}],"wp:term":[{"taxonomy":"post_tag","embeddable":true,"href":"https:\/\/lobsterfromcanada.com\/es\/wp-json\/wp\/v2\/tags?post=6267"}],"curies":[{"name":"wp","href":"https:\/\/api.w.org\/{rel}","templated":true}]}}