{"id":6248,"date":"2021-02-18T20:17:48","date_gmt":"2021-02-18T20:17:48","guid":{"rendered":"http:\/\/lobsterfromcanada.com\/el-mundo-del-bogavante-canadiense\/"},"modified":"2021-02-19T01:38:07","modified_gmt":"2021-02-19T01:38:07","slug":"el-mundo-del-bogavante-canadiense","status":"publish","type":"page","link":"https:\/\/lobsterfromcanada.com\/es\/el-mundo-del-bogavante-canadiense\/","title":{"rendered":"El mundo del bogavante canadiense"},"content":{"rendered":"<div class=\"wpb-content-wrapper\">[vc_row full_width=\u00bbstretch_row\u00bb css=\u00bb.vc_custom_1594389616316{margin-top: 0px !important;margin-bottom: 0px !important;padding-top: 0px !important;padding-bottom: 0px !important;}\u00bb el_class=\u00bbhero-menu-container\u00bb][vc_column]\n\t\t\t<!-- START The World of Canadian Lobster ES REVOLUTION SLIDER 6.6.15 --><p class=\"rs-p-wp-fix\"><\/p>\n\t\t\t<rs-module-wrap id=\"rev_slider_26_1_wrapper\" data-source=\"gallery\" style=\"visibility:hidden;background:transparent;padding:0;margin:0px auto;margin-top:0;margin-bottom:0;\">\n\t\t\t\t<rs-module id=\"rev_slider_26_1\" style=\"\" data-version=\"6.6.15\">\n\t\t\t\t\t<rs-slides style=\"overflow: hidden; position: absolute;\">\n\t\t\t\t\t\t<rs-slide style=\"position: absolute;\" data-key=\"rs-31\" data-title=\"Slide\" data-anim=\"r:0;\" data-in=\"o:1;\" data-out=\"o:1;\">\n\t\t\t\t\t\t\t<img decoding=\"async\" src=\"\/\/lobsterfromcanada.com\/wp-content\/plugins\/revslider\/public\/assets\/assets\/dummy.png\" alt=\"\" title=\"El mundo del bogavante canadiense\" class=\"rev-slidebg tp-rs-img rs-lazyload\" data-lazyload=\"\/\/lobsterfromcanada.com\/wp-content\/uploads\/hero-lobster-101.jpg\" data-no-retina>\n<!--\n\t\t\t\t\t\t\t--><rs-layer\n\t\t\t\t\t\t\t\tid=\"slider-26-slide-31-layer-1\" \n\t\t\t\t\t\t\t\tdata-type=\"text\"\n\t\t\t\t\t\t\t\tdata-color=\"rgba(255,255,255,1)\"\n\t\t\t\t\t\t\t\tdata-rsp_ch=\"on\"\n\t\t\t\t\t\t\t\tdata-xy=\"x:c;y:m;\"\n\t\t\t\t\t\t\t\tdata-text=\"s:60,60,40,40;l:22;a:inherit;\"\n\t\t\t\t\t\t\t\tdata-frame_0=\"tp:600;\"\n\t\t\t\t\t\t\t\tdata-frame_1=\"tp:600;\"\n\t\t\t\t\t\t\t\tdata-frame_999=\"o:0;tp:600;st:w;sR:8700;\"\n\t\t\t\t\t\t\t\tstyle=\"z-index:9;font-family:'Roboto';\"\n\t\t\t\t\t\t\t>El mundo del bogavante canadiense \n\t\t\t\t\t\t\t<\/rs-layer><!--\n\n\t\t\t\t\t\t\t--><a\n\t\t\t\t\t\t\t\tid=\"slider-26-slide-31-layer-2\" \n\t\t\t\t\t\t\t\tclass=\"rs-layer\"\n\t\t\t\t\t\t\t\thref=\"\/es\/el-mundo-del-bogavante-canadiense\/\" target=\"_self\" rel=\"nofollow\"\n\t\t\t\t\t\t\t\tdata-type=\"shape\"\n\t\t\t\t\t\t\t\tdata-rsp_ch=\"on\"\n\t\t\t\t\t\t\t\tdata-xy=\"xo:-306px,-252px,-191px,-117px;yo:3px,2px,1px,0;\"\n\t\t\t\t\t\t\t\tdata-text=\"w:normal;s:20,16,12,7;l:0,20,15,9;\"\n\t\t\t\t\t\t\t\tdata-dim=\"w:1854px,1531px,1163px,717px;h:398px,328px,249px,153px;\"\n\t\t\t\t\t\t\t\tdata-frame_999=\"o:0;st:w;\"\n\t\t\t\t\t\t\t\tstyle=\"z-index:8;background-color:rgba(0,0,0,0);\"\n\t\t\t\t\t\t\t> \n\t\t\t\t\t\t\t<\/a><!--\n-->\t\t\t\t\t\t<\/rs-slide>\n\t\t\t\t\t<\/rs-slides>\n\t\t\t\t<\/rs-module>\n\t\t\t\t<script>\n\t\t\t\t\tsetREVStartSize({c: 'rev_slider_26_1',rl:[1240,1024,778,480],el:[400,400,400,250],gw:[1240,1024,778,480],gh:[400,400,400,250],type:'hero',justify:'',layout:'fullwidth',mh:\"0\"});if (window.RS_MODULES!==undefined && window.RS_MODULES.modules!==undefined && window.RS_MODULES.modules[\"revslider261\"]!==undefined) {window.RS_MODULES.modules[\"revslider261\"].once = false;window.revapi26 = undefined;if (window.RS_MODULES.checkMinimal!==undefined) window.RS_MODULES.checkMinimal()}\n\t\t\t\t<\/script>\n\t\t\t<\/rs-module-wrap>\n\t\t\t<!-- END REVOLUTION SLIDER -->\n[vc_wp_custommenu nav_menu=\u00bb36&#8243; el_class=\u00bbcustom-sub-menu\u00bb][\/vc_column][\/vc_row][vc_row css=\u00bb.vc_custom_1607788334851{margin-top: 0px !important;padding-top: 0px !important;}\u00bb][vc_column][vc_widget_sidebar sidebar_id=\u00bbca-sidebar-5772&#8243;][\/vc_column][\/vc_row][vc_row][vc_column css=\u00bb.vc_custom_1594143508245{margin-bottom: 0px !important;padding-bottom: 0px !important;}\u00bb][vc_custom_heading source=\u00bbpost_title\u00bb font_container=\u00bbtag:h2|text_align:left|color:%23c8102e\u00bb google_fonts=\u00bbfont_family:Open%20Sans%3A300%2C300italic%2Cregular%2Citalic%2C600%2C600italic%2C700%2C700italic%2C800%2C800italic|font_style:400%20regular%3A400%3Anormal\u00bb css_animation=\u00bbnone\u00bb][vc_single_image image=\u00bb4829&#8243; img_size=\u00bbfull\u00bb alignment=\u00bbcenter\u00bb css=\u00bb.vc_custom_1594143497536{padding-top: 1.5rem !important;padding-bottom: 0px !important;}\u00bb][\/vc_column][\/vc_row][vc_row el_class=\u00bbsubpage-content\u00bb el_id=\u00bbCanadian-Lobster-Best-in-the-World\u00bb][vc_column][vc_custom_heading text=\u00bbBogavante canadiense: El mejor del mundo\u00bb google_fonts=\u00bbfont_family:Source%20Sans%20Pro%3A200%2C200italic%2C300%2C300italic%2Cregular%2Citalic%2C600%2C600italic%2C700%2C700italic%2C900%2C900italic|font_style:400%20regular%3A400%3Anormal\u00bb el_class=\u00bbsub-section-heading\u00bb][vc_column_text]El bogavante canadiense es uno de los manjares m\u00e1s tentadores del oc\u00e9ano. Una vez que se descubren los numerosos formatos del producto, c\u00f3mo y d\u00f3nde comprar, c\u00f3mo almacenar y preparar, el bogavante se convierte en algo que cualquier chef disfruta cocinando.<\/p>\n<p>Miles de canadienses en la costa Atl\u00e1ntica, apasionados y trabajadores, se unen para gestionar 41 \u00e1reas de pesca exclusivas en nuestra regi\u00f3n. Tras varias generaciones de experiencia, estamos orgullosos de recolectar, procesar y distribuir el bogavante m\u00e1s famoso y delicioso del mundo a restaurantes, minoristas y consumidores en todos los mercados imaginables.<\/p>\n<p>Nuestra industria del bogavante es un reflejo de la riqueza natural de nuestra costa atl\u00e1ntica: aguas fr\u00edas y claras, las favoritas del preciado Homarus americanus, productos de la m\u00e1xima calidad, gente honesta y trabajadora y una reconocida reputaci\u00f3n de hospitalidad e ingenio en el mar.[\/vc_column_text][\/vc_column][vc_column][vc_separator][\/vc_column][\/vc_row][vc_row el_class=\u00bbsubpage-content\u00bb el_id=\u00bbCanada-The-market-leader\u00bb][vc_column][vc_custom_heading text=\u00bbCanad\u00e1: L\u00edder del mercado de bogavante en todo el mundo\u00bb google_fonts=\u00bbfont_family:Source%20Sans%20Pro%3A200%2C200italic%2C300%2C300italic%2Cregular%2Citalic%2C600%2C600italic%2C700%2C700italic%2C900%2C900italic|font_style:400%20regular%3A400%3Anormal\u00bb el_class=\u00bbsub-section-heading\u00bb][vc_column_text]\n<h3>M\u00e1s de la mitad del bogavante del mundo proviene de Canad\u00e1.<\/h3>\n<p>La pesca de bogavante est\u00e1 cuidadosamente estructurada y controlada conforme a algunas de las directrices m\u00e1s estrictas del mundo para respetar una sostenibilidad \u00f3ptima y conseguir un producto de la m\u00e1s alta calidad durante todo el a\u00f1o. Las aguas de la regi\u00f3n se dividen en distintas \u00e1reas de pesca de bogavante, cada una con su propia temporada, que var\u00eda de entre ocho semanas a seis meses.<\/p>\n<p>La industria canadiense del bogavante procura bienestar econ\u00f3mico sostenible a cientos de comunidades en cinco provincias: Nueva Escocia, Nuevo Brunswick, Isla del Pr\u00edncipe Eduardo, Terranova y Labrador y Quebec.<br \/>\n[\/vc_column_text][\/vc_column][vc_column][vc_separator][\/vc_column][\/vc_row][vc_row el_class=\u00bbsubpage-content\u00bb el_id=\u00bbFishing-Methods-and-Harvesting\u00bb][vc_column][vc_custom_heading text=\u00bbM\u00e9todos de pesca y recolecci\u00f3n\u00bb google_fonts=\u00bbfont_family:Source%20Sans%20Pro%3A200%2C200italic%2C300%2C300italic%2Cregular%2Citalic%2C600%2C600italic%2C700%2C700italic%2C900%2C900italic|font_style:400%20regular%3A400%3Anormal\u00bb el_class=\u00bbsub-section-heading\u00bb][vc_column_text]La pesca del bogavante canadiense es la m\u00e1s estrictamente controlada del mundo. Preservamos la salud y la estabilidad de la poblaci\u00f3n de <em>Homarus americanus<\/em>, controlando cu\u00e1nto tomamos hoy para proteger el futuro de la especie.<\/p>\n<ul>\n<li>El 50 % del bogavante canadiense se comercializa vivo<\/li>\n<li>El 50 % se transforma en productos frescos y congelados.<\/li>\n<\/ul>\n<div class=\"float-stickie right\">\n<p>TRAMPAS<\/p>\n<ul>\n<li>Un mecanismo de escape permite salir a los bogavantes cuyo tama\u00f1o sea insuficiente.<\/li>\n<li>Los paneles y anillos biodegradables garantizan que las trampas perdidas no atrapen accidentalmente a ninguna criatura marina no deseada.<\/li>\n<\/ul>\n<\/div>\n<p>La temporada de bogavante canadiense alcanza su punto \u00e1lgido en la primavera y a finales del oto\u00f1o, lo que permite que los bogavantes de caparaz\u00f3n blando muden durante el verano. Alternamos nuestras temporadas seg\u00fan las regiones, para equilibrar as\u00ed la disponibilidad y para que nuestra poblaci\u00f3n de bogavantes tenga tiempo suficiente para crecer.<\/p>\n<p>Nuestros recolectores sujetan trampas a una cuerda y una boya para minimizar el impacto en el suelo marino. Cada pescador tiene un n\u00famero espec\u00edfico de trampas, normalmente de 200 a 375, con las que puede recolectar a lo largo de una temporada espec\u00edfica.<\/p>\n<p>Devolvemos al mar a las hembras con huevas, y a los animales j\u00f3venes menores de cierta talla, para garantizar la salud de la poblaci\u00f3n y la sostenibilidad de este incre\u00edble recurso natural.<\/p>\n<p>Despu\u00e9s de recoger las trampas, los recolectores mantienen los bogavantes vivos en recintos marinos o en tanques de agua de mar que imitan el entorno natural. As\u00ed se controla la pureza del agua y la temperatura \u00f3ptima, por lo que todos los bogavantes est\u00e1n en prefectas condiciones para su env\u00edo.[\/vc_column_text][\/vc_column][vc_column][vc_separator][\/vc_column][\/vc_row][vc_row el_class=\u00bbsubpage-content\u00bb el_id=\u00bbLocations-of-Harvesting\u00bb][vc_column][vc_custom_heading text=\u00bbLugares de recolecci\u00f3n\u00bb google_fonts=\u00bbfont_family:Source%20Sans%20Pro%3A200%2C200italic%2C300%2C300italic%2Cregular%2Citalic%2C600%2C600italic%2C700%2C700italic%2C900%2C900italic|font_style:400%20regular%3A400%3Anormal\u00bb el_class=\u00bbsub-section-heading\u00bb][vc_column_text]Los bogavantes se recolectan en el este de Canad\u00e1, en las cinco provincias que incluyen Nueva Escocia, Nuevo Brunswick, Isla del Pr\u00edncipe Eduardo, Terranova y Labrador y Quebec. El bogavante recolectado se vende vivo o en cientos de formas procesadas, que incluyen carne de bogavante fresco, colas congeladas, bogavante entero con caparaz\u00f3n, productos procesados a alta presi\u00f3n y muchos otros formatos.<\/p>\n<p>El Departamento de Pesca y Oc\u00e9anos del Gobierno de Canad\u00e1 trabaja en estrecha colaboraci\u00f3n con nuestra industria para planificar d\u00f3nde y cu\u00e1ndo se pesca el bogavante (\u00e1reas de pesca autorizadas o LFAs). Cada una de las 41 LFAs tiene su propia temporada de pesca permitida, cuya duraci\u00f3n var\u00eda de ocho semanas a seis meses.[\/vc_column_text][vc_single_image image=\u00bb5836&#8243; img_size=\u00bbfull\u00bb alignment=\u00bbcenter\u00bb onclick=\u00bbcustom_link\u00bb link=\u00bbhttps:\/\/lobsterfromcanada.com\/wp-content\/uploads\/fishing_regions.pdf\u00bb][\/vc_column][vc_column][vc_separator][\/vc_column][\/vc_row][vc_row el_class=\u00bbsubpage-content\u00bb el_id=\u00bbLobster-Availability\u00bb][vc_column][vc_custom_heading text=\u00bbDisponibilidad del bogavante\u00bb google_fonts=\u00bbfont_family:Source%20Sans%20Pro%3A200%2C200italic%2C300%2C300italic%2Cregular%2Citalic%2C600%2C600italic%2C700%2C700italic%2C900%2C900italic|font_style:400%20regular%3A400%3Anormal\u00bb el_class=\u00bbsub-section-heading\u00bb][vc_column_text]En Canad\u00e1, alternamos nuestras temporadas de bogavante a lo largo de 41\u00a0\u00e1reas de pesca de para aprovechar los per\u00edodos de muda, seg\u00fan las aguas. Esto nos ayuda a asegurarnos de que la mayor\u00eda de los bogavantes recolectados tengan caparaz\u00f3n duro, lo que proporciona una experiencia gastron\u00f3mica de primera calidad y el mejor precio.<\/p>\n<p>La temporada de bogavante canadiense alcanza su punto m\u00e1ximo en primavera y a finales del oto\u00f1o, lo que permite un respiro para la muda durante el verano (es entonces cuando los bogavantes tienen caparaz\u00f3n blando). Alternamos por regi\u00f3n para equilibrar la disponibilidad y para que nuestra poblaci\u00f3n de bogavantes tenga tiempo de crecer.<\/p>\n<p>Los m\u00e9todos de procesamiento modernos aseguran la m\u00e1s alta calidad y sabor, directamente desde el barco, lo que permite el acceso a lo mejor del bogavante canadiense durante todo el a\u00f1o.<\/p>\n<p><strong>\u00bfSab\u00edas que?: <\/strong>La congelaci\u00f3n r\u00e1pida de bogavantes cocidos enteros y de la carne procesada conserva los jugos y sabores naturales.[\/vc_column_text][\/vc_column][\/vc_row][vc_row full_width=\u00bbstretch_row\u00bb css=\u00bb.vc_custom_1594128053336{padding-top: 6rem !important;padding-bottom: 6rem !important;background-image: url(https:\/\/lobsterfromcanada.com\/wp-content\/uploads\/2020\/04\/wood-50.png?id=4833) !important;}\u00bb el_class=\u00bbmore-to-explore-container\u00bb][vc_column][vc_column_text el_class=\u00bbsubfooter\u00bb]\n<h2>M\u00e1s por descubrir<\/h2>\n[\/vc_column_text][vc_single_image image=\u00bb4830&#8243; img_size=\u00bbfull\u00bb alignment=\u00bbcenter\u00bb]<div class='base2grid more-to-explore' data-groupby='' data-prefix='' data-suffix=''>\n<div class=\"wpb_column vc_column_container vc_col-sm-3\">\n<div class=\"vc_column-inner\">\n<div class=\"wpb_wrapper\">\n<div class=\"true-image-box-1\">\n<div class=\"true-img-wrap\">[vc_single_image source=\u00bbfeatured_image\u00bb css_animation=\u00bbtop-to-bottom\u00bb img_size=\u00bblarge\u00bb onclick=\u00bbcustom_link\u00bb link=\u00bbhttps:\/\/lobsterfromcanada.com\/es\/compra-de-bogavante-canadiense\/\u00bb]<\/div>\n<div class=\"true-text-wrap\">\n<h3>Compra de bogavante canadiense<\/h3>\n<div>[vc_row full_width=\u00bbstretch_row\u00bb css=\u00bb.vc_custom_1594389097559{margin-top: 0px !important;margin-bottom: 0px !important;padding-top: 0px !important;padding-bottom: 0px !important;}\u00bb el_class=\u00bbhero-menu-container\u00bb][vc_column][vc_wp_custommenu nav_menu=\u00bb38&#8243; el_class=\u00bbcustom-sub-menu\u00bb][\/vc_column][\/vc_row][vc_row][vc_column][vc_widget_sidebar sidebar_id=\u00bbca-sidebar-5772&#8243;][\/vc_column][\/vc_row][vc_row][vc_column][vc_custom_heading source=\u00bbpost_title\u00bb font_container=\u00bbtag:h2|text_align:left|color:%23c8102e\u00bb google_fonts=\u00bbfont_family:Open%20Sans%3A300%2C300italic%2Cregular%2Citalic%2C600%2C600italic%2C700%2C700italic%2C800%2C800italic|font_style:400%20regular%3A400%3Anormal\u00bb css_animation=\u00bbnone\u00bb][vc_single_image image=\u00bb4829&#8243; img_size=\u00bbfull\u00bb alignment=\u00bbcenter\u00bb css=\u00bb.vc_custom_1594134305302{padding-top: 1.5rem !important;}\u00bb][\/vc_column][\/vc_row][vc_row][vc_column][vc_column_text el_class=\u00bblead\u00bb]Los procesadores, transportistas de producto vivo y distribuidores de bogavante canadiense siempre estar\u00e1n encantados de ayudarlo para un procesamiento y envasado adecuados, siempre adaptados a sus necesidades. El bogavante canadiense est\u00e1 disponible en cientos de formas diferentes para ajustarse a la preparaci\u00f3n, estilo, ubicaci\u00f3n y negocio de cada cliente.[\/vc_column_text][vc_single_image image=\u00bb4830&#8243; img_size=\u00bbfull\u00bb alignment=\u00bbcenter\u00bb][\/vc_column][\/vc_row][vc_row el_class=\u00bbsubpage-content d-none\u00bb el_id=\u00bbEU-Importers\u00bb][vc_column][vc_custom_heading ...<\/div>\n<p><a class=\"ka_button tt_ medium_button medium_cherry\" role=\"button\" href=\"https:\/\/lobsterfromcanada.com\/es\/compra-de-bogavante-canadiense\/\">Ver m\u00e1s<\/a><\/p>\n<\/div>\n<\/div>\n<\/div>\n<\/div>\n<\/div>\n\n<div class=\"wpb_column vc_column_container vc_col-sm-3\">\n<div class=\"vc_column-inner\">\n<div class=\"wpb_wrapper\">\n<div class=\"true-image-box-1\">\n<div class=\"true-img-wrap\">[vc_single_image source=\u00bbfeatured_image\u00bb css_animation=\u00bbtop-to-bottom\u00bb img_size=\u00bblarge\u00bb onclick=\u00bbcustom_link\u00bb link=\u00bbhttps:\/\/lobsterfromcanada.com\/es\/bogavante-en-la-ue\/\u00bb]<\/div>\n<div class=\"true-text-wrap\">\n<h3>Bogavante en la UE<\/h3>\n<div>[vc_row full_width=\u00bbstretch_row\u00bb css=\u00bb.vc_custom_1594389097559{margin-top: 0px !important;margin-bottom: 0px !important;padding-top: 0px !important;padding-bottom: 0px !important;}\u00bb el_class=\u00bbhero-menu-container\u00bb][vc_column][vc_wp_custommenu nav_menu=\u00bb35&#8243; el_class=\u00bbcustom-sub-menu\u00bb][\/vc_column][\/vc_row][vc_row][vc_column][vc_widget_sidebar sidebar_id=\u00bbca-sidebar-5772&#8243;][\/vc_column][\/vc_row][vc_row][vc_column][vc_custom_heading source=\u00bbpost_title\u00bb font_container=\u00bbtag:h2|text_align:left|color:%23c8102e\u00bb google_fonts=\u00bbfont_family:Open%20Sans%3A300%2C300italic%2Cregular%2Citalic%2C600%2C600italic%2C700%2C700italic%2C800%2C800italic|font_style:400%20regular%3A400%3Anormal\u00bb css_animation=\u00bbnone\u00bb][vc_single_image image=\u00bb4829&#8243; img_size=\u00bbfull\u00bb alignment=\u00bbcenter\u00bb css=\u00bb.vc_custom_1594134305302{padding-top: 1.5rem !important;}\u00bb][\/vc_column][\/vc_row][vc_row el_class=\u00bbsubpage-content\u00bb el_id=\u00bbCETA-and-Zero-Import-Tariffs\u00bb][vc_column][vc_custom_heading text=\u00bbCETA y aranceles de importaci\u00f3n cero\u00bb google_fonts=\u00bbfont_family:Source%20Sans%20Pro%3A200%2C200italic%2C300%2C300italic%2Cregular%2Citalic%2C600%2C600italic%2C700%2C700italic%2C900%2C900italic|font_style:400%20regular%3A400%3Anormal\u00bb el_class=\u00bbsub-section-heading\u00bb][vc_column_text]El Acuerdo Econ\u00f3mico y Comercial Integral (CETA) entre Canad\u00e1 y la Uni\u00f3n Europea (UE) es un acuerdo comercial progresivo que defiende y promueve los valores que Canad\u00e1 comparte con la UE. Este acuerdo hist\u00f3rico se firm\u00f3 el 30 de octubre de 2016 y entr\u00f3 en vigor ...<\/div>\n<p><a class=\"ka_button tt_ medium_button medium_cherry\" role=\"button\" href=\"https:\/\/lobsterfromcanada.com\/es\/bogavante-en-la-ue\/\">Ver m\u00e1s<\/a><\/p>\n<\/div>\n<\/div>\n<\/div>\n<\/div>\n<\/div>\n\n<div class=\"wpb_column vc_column_container vc_col-sm-3\">\n<div class=\"vc_column-inner\">\n<div class=\"wpb_wrapper\">\n<div class=\"true-image-box-1\">\n<div class=\"true-img-wrap\">[vc_single_image source=\u00bbfeatured_image\u00bb css_animation=\u00bbtop-to-bottom\u00bb img_size=\u00bblarge\u00bb onclick=\u00bbcustom_link\u00bb link=\u00bbhttps:\/\/lobsterfromcanada.com\/es\/manipulacion-del-bogavante\/\u00bb]<\/div>\n<div class=\"true-text-wrap\">\n<h3>Manipulaci\u00f3n del bogavante<\/h3>\n<div>[vc_row full_width=\u00bbstretch_row\u00bb css=\u00bb.vc_custom_1594389097559{margin-top: 0px !important;margin-bottom: 0px !important;padding-top: 0px !important;padding-bottom: 0px !important;}\u00bb el_class=\u00bbhero-menu-container\u00bb][vc_column][vc_wp_custommenu nav_menu=\u00bb44&#8243; el_class=\u00bbcustom-sub-menu\u00bb][\/vc_column][\/vc_row][vc_row][vc_column][vc_widget_sidebar sidebar_id=\u00bbca-sidebar-5772&#8243;][\/vc_column][\/vc_row][vc_row][vc_column][vc_custom_heading source=\u00bbpost_title\u00bb font_container=\u00bbtag:h2|text_align:left|color:%23c8102e\u00bb google_fonts=\u00bbfont_family:Open%20Sans%3A300%2C300italic%2Cregular%2Citalic%2C600%2C600italic%2C700%2C700italic%2C800%2C800italic|font_style:400%20regular%3A400%3Anormal\u00bb css_animation=\u00bbnone\u00bb][vc_single_image image=\u00bb4829&#8243; img_size=\u00bbfull\u00bb alignment=\u00bbcenter\u00bb css=\u00bb.vc_custom_1594134305302{padding-top: 1.5rem !important;}\u00bb][\/vc_column][\/vc_row][vc_row][vc_column][vc_column_text el_class=\u00bblead\u00bb]Los bogavantes se recolectan en el este de Canad\u00e1, en las cinco provincias que incluyen Nueva Escocia, Nuevo Brunswick, Isla del Pr\u00edncipe Eduardo, Terranova y Labrador y Quebec. El bogavante recolectado se vende vivo y en cientos de formas procesadas, que incluyen carne de bogavante fresco y colas congeladas, entero con caparaz\u00f3n y muchos otros ...<\/div>\n<p><a class=\"ka_button tt_ medium_button medium_cherry\" role=\"button\" href=\"https:\/\/lobsterfromcanada.com\/es\/manipulacion-del-bogavante\/\">Ver m\u00e1s<\/a><\/p>\n<\/div>\n<\/div>\n<\/div>\n<\/div>\n<\/div>\n\n<div class=\"wpb_column vc_column_container vc_col-sm-3\">\n<div class=\"vc_column-inner\">\n<div class=\"wpb_wrapper\">\n<div class=\"true-image-box-1\">\n<div class=\"true-img-wrap\">[vc_single_image source=\u00bbfeatured_image\u00bb css_animation=\u00bbtop-to-bottom\u00bb img_size=\u00bblarge\u00bb onclick=\u00bbcustom_link\u00bb link=\u00bbhttps:\/\/lobsterfromcanada.com\/es\/sostenibilidad-y-trazabilidad\/\u00bb]<\/div>\n<div class=\"true-text-wrap\">\n<h3>Sostenibilidad y trazabilidad<\/h3>\n<div>[vc_row full_width=\u00bbstretch_row\u00bb el_class=\u00bbhero-menu-container\u00bb][vc_column][rev_slider_vc alias=\u00bbsustainability-and-traceability-es\u00bb][vc_wp_custommenu nav_menu=\u00bb42&#8243; el_class=\u00bbcustom-sub-menu for-members\u00bb][\/vc_column][\/vc_row][vc_row css=\u00bb.vc_custom_1600701631971{margin-top: 0px !important;padding-top: 0px !important;}\u00bb][vc_column][vc_widget_sidebar sidebar_id=\u00bbca-sidebar-5772&#8243;][\/vc_column][\/vc_row][vc_row][vc_column css=\u00bb.vc_custom_1594143508245{margin-bottom: 0px !important;padding-bottom: 0px !important;}\u00bb][vc_custom_heading source=\u00bbpost_title\u00bb font_container=\u00bbtag:h2|text_align:left|color:%23c8102e\u00bb google_fonts=\u00bbfont_family:Open%20Sans%3A300%2C300italic%2Cregular%2Citalic%2C600%2C600italic%2C700%2C700italic%2C800%2C800italic|font_style:400%20regular%3A400%3Anormal\u00bb css_animation=\u00bbnone\u00bb][vc_single_image image=\u00bb4829&#8243; img_size=\u00bbfull\u00bb alignment=\u00bbcenter\u00bb css=\u00bb.vc_custom_1594143497536{padding-top: 1.5rem !important;padding-bottom: 0px !important;}\u00bb][\/vc_column][\/vc_row][vc_row el_class=\u00bbsubpage-content\u00bb][vc_column][vc_column_text]<br \/>\nLa pesca de bogavante canadiense es una de las m\u00e1s cuidadosamente controladas del mundo. Preservamos la salud y la estabilidad de la poblaci\u00f3n de Homarus americanus, controlando cu\u00e1nto tomamos hoy para proteger el futuro de la especie.<br \/>\n[\/vc_column_text][vc_column_text]Los consumidores y distribuidores son ahora m\u00e1s conscientes que nunca de la ...<\/div>\n<p><a class=\"ka_button tt_ medium_button medium_cherry\" role=\"button\" href=\"https:\/\/lobsterfromcanada.com\/es\/sostenibilidad-y-trazabilidad\/\">Ver m\u00e1s<\/a><\/p>\n<\/div>\n<\/div>\n<\/div>\n<\/div>\n<\/div>\n<\/div>[\/vc_column][\/vc_row]\n<\/div>","protected":false},"excerpt":{"rendered":"<p>[vc_row full_width=\u00bbstretch_row\u00bb el_class=\u00bbhero-menu-container\u00bb][vc_column][rev_slider_vc alias=\u00bbsustainability-and-traceability-es\u00bb][vc_wp_custommenu nav_menu=\u00bb42&#8243; el_class=\u00bbcustom-sub-menu for-members\u00bb][\/vc_column][\/vc_row][vc_row css=\u00bb.vc_custom_1600701631971{margin-top: 0px !important;padding-top: 0px !important;}\u00bb][vc_column][vc_widget_sidebar sidebar_id=\u00bbca-sidebar-5772&#8243;][\/vc_column][\/vc_row][vc_row][vc_column css=\u00bb.vc_custom_1594143508245{margin-bottom: 0px !important;padding-bottom: 0px !important;}\u00bb][vc_custom_heading source=\u00bbpost_title\u00bb font_container=\u00bbtag:h2|text_align:left|color:%23c8102e\u00bb google_fonts=\u00bbfont_family:Open%20Sans%3A300%2C300italic%2Cregular%2Citalic%2C600%2C600italic%2C700%2C700italic%2C800%2C800italic|font_style:400%20regular%3A400%3Anormal\u00bb css_animation=\u00bbnone\u00bb][vc_single_image image=\u00bb4829&#8243; img_size=\u00bbfull\u00bb alignment=\u00bbcenter\u00bb css=\u00bb.vc_custom_1594143497536{padding-top: 1.5rem !important;padding-bottom: 0px !important;}\u00bb][\/vc_column][\/vc_row][vc_row el_class=\u00bbsubpage-content\u00bb][vc_column][vc_column_text]<br \/>\nLa pesca de bogavante canadiense es una de las m\u00e1s cuidadosamente controladas del mundo. Preservamos la salud y la estabilidad de la poblaci\u00f3n de Homarus americanus, controlando cu\u00e1nto tomamos hoy para proteger el futuro de la especie.<br \/>\n[\/vc_column_text][vc_column_text]Los consumidores y distribuidores son ahora m\u00e1s conscientes que nunca de la &#8230;<\/p>\n","protected":false},"author":11,"featured_media":6068,"parent":0,"menu_order":0,"comment_status":"closed","ping_status":"closed","template":"","meta":{"_acf_changed":false,"inline_featured_image":false,"footnotes":""},"tags":[75],"class_list":["post-6248","page","type-page","status-publish","has-post-thumbnail","hentry","tag-home-feature-es"],"acf":[],"_links":{"self":[{"href":"https:\/\/lobsterfromcanada.com\/es\/wp-json\/wp\/v2\/pages\/6248","targetHints":{"allow":["GET"]}}],"collection":[{"href":"https:\/\/lobsterfromcanada.com\/es\/wp-json\/wp\/v2\/pages"}],"about":[{"href":"https:\/\/lobsterfromcanada.com\/es\/wp-json\/wp\/v2\/types\/page"}],"author":[{"embeddable":true,"href":"https:\/\/lobsterfromcanada.com\/es\/wp-json\/wp\/v2\/users\/11"}],"replies":[{"embeddable":true,"href":"https:\/\/lobsterfromcanada.com\/es\/wp-json\/wp\/v2\/comments?post=6248"}],"version-history":[{"count":0,"href":"https:\/\/lobsterfromcanada.com\/es\/wp-json\/wp\/v2\/pages\/6248\/revisions"}],"wp:featuredmedia":[{"embeddable":true,"href":"https:\/\/lobsterfromcanada.com\/es\/wp-json\/wp\/v2\/media\/6068"}],"wp:attachment":[{"href":"https:\/\/lobsterfromcanada.com\/es\/wp-json\/wp\/v2\/media?parent=6248"}],"wp:term":[{"taxonomy":"post_tag","embeddable":true,"href":"https:\/\/lobsterfromcanada.com\/es\/wp-json\/wp\/v2\/tags?post=6248"}],"curies":[{"name":"wp","href":"https:\/\/api.w.org\/{rel}","templated":true}]}}