{"id":6244,"date":"2021-02-18T20:03:04","date_gmt":"2021-02-18T20:03:04","guid":{"rendered":"http:\/\/lobsterfromcanada.com\/pagina-principal\/"},"modified":"2021-02-18T20:22:31","modified_gmt":"2021-02-18T20:22:31","slug":"pagina-principal","status":"publish","type":"page","link":"https:\/\/lobsterfromcanada.com\/es\/","title":{"rendered":"P\u00e1gina principal"},"content":{"rendered":"<div class=\"wpb-content-wrapper\">[vc_row full_width=\u00bbstretch_row_content_no_spaces\u00bb css_animation=\u00bbfadeIn\u00bb el_class=\u00bbhome-header-banner\u00bb][vc_column][rev_slider_vc alias=\u00bbhomev2&#8243;][\/vc_column][\/vc_row][vc_row full_width=\u00bbstretch_row\u00bb css=\u00bb.vc_custom_1607782303004{background-image: url(https:\/\/lobsterfromcanada.com\/wp-content\/uploads\/2020\/04\/Lobster-Website-Texture-Paper2.png?id=4775) !important;}\u00bb el_class=\u00bbpaper-banner\u00bb][vc_column][vc_widget_sidebar sidebar_id=\u00bbca-sidebar-5772&#8243;][vc_column_text]\n<p class=\"sub-banner\">Nuestro bogavante es nuestra <span class=\"highlight\">cultura<\/span>, nuestro <span class=\"highlight\">orgullo<\/span> y nuestra <span class=\"highlight\">alegr\u00eda<\/span> de compartir<\/p>\n[\/vc_column_text][\/vc_column][\/vc_row][vc_row full_width=\u00bbstretch_row\u00bb css=\u00bb.vc_custom_1607550008172{margin-bottom: 30px !important;background-color: rgba(255,255,255,0.6) !important;*background-color: rgb(255,255,255) !important;}\u00bb][vc_column][vc_column_text el_class=\u00bblead pt-3 mb-3&#8243;]Desde una mansi\u00f3n en la Toscana hasta un restaurante con estrella Michelin en Par\u00eds, todos buscamos el sibaritismo y una buena celebraci\u00f3n con bogavante. Chefs, distribuidores y consumidores de todo Europa saben qu\u00e9 ingredientes culinarios son los mejores, sin importar el tipo de cocina. Conozca el bogavante canadiense, el mejor del mundo.<\/p>\n<p>Nuestro bogavante es nuestra cultura, nuestro orgullo y nuestra alegr\u00eda de compartir.<\/p>\n<p>El Consejo del Bogavante de Canad\u00e1 re\u00fane a pescadores\/recolectores, compradores, procesadores, armadores, exportadores\/importadores, asociados y pa\u00edses de primer orden para mantener el bogavante &#8211; el orgullo del Atl\u00e1ntico canadiense &#8211; de forma sostenible y accesible en todo el mundo.<br \/>\n[\/vc_column_text][\/vc_column][\/vc_row][vc_row full_width=\u00bbstretch_row\u00bb css=\u00bb.vc_custom_1607973615255{background-color: rgba(255,255,255,0.6) !important;*background-color: rgb(255,255,255) !important;}\u00bb][vc_column][vc_column_text el_class=\u00bbsubfooter\u00bb]\n<h2>M\u00e1s por descubrir<\/h2>\n[\/vc_column_text][vc_single_image image=\u00bb4829&#8243; img_size=\u00bbfull\u00bb alignment=\u00bbcenter\u00bb css=\u00bb.vc_custom_1585835565228{padding-top: 1.5rem !important;padding-bottom: 1.5rem !important;}\u00bb]<div class='base2grid more-to-explore' data-groupby='' data-prefix='' data-suffix=''>\n<div class=\"wpb_column vc_column_container vc_col-sm-3\">\n<div class=\"vc_column-inner\">\n<div class=\"wpb_wrapper\">\n<div class=\"true-image-box-1\">\n<div class=\"true-img-wrap\">[vc_single_image source=\u00bbfeatured_image\u00bb css_animation=\u00bbtop-to-bottom\u00bb img_size=\u00bblarge\u00bb onclick=\u00bbcustom_link\u00bb link=\u00bbhttps:\/\/lobsterfromcanada.com\/es\/el-mundo-del-bogavante-canadiense\/\u00bb]<\/div>\n<div class=\"true-text-wrap\">\n<h3>El mundo del bogavante canadiense<\/h3>\n<div>[vc_row full_width=\u00bbstretch_row\u00bb css=\u00bb.vc_custom_1594389616316{margin-top: 0px !important;margin-bottom: 0px !important;padding-top: 0px !important;padding-bottom: 0px !important;}\u00bb el_class=\u00bbhero-menu-container\u00bb][vc_column][vc_wp_custommenu nav_menu=\u00bb36&#8243; el_class=\u00bbcustom-sub-menu\u00bb][\/vc_column][\/vc_row][vc_row css=\u00bb.vc_custom_1607788334851{margin-top: 0px !important;padding-top: 0px !important;}\u00bb][vc_column][vc_widget_sidebar sidebar_id=\u00bbca-sidebar-5772&#8243;][\/vc_column][\/vc_row][vc_row][vc_column css=\u00bb.vc_custom_1594143508245{margin-bottom: 0px !important;padding-bottom: 0px !important;}\u00bb][vc_custom_heading source=\u00bbpost_title\u00bb font_container=\u00bbtag:h2|text_align:left|color:%23c8102e\u00bb google_fonts=\u00bbfont_family:Open%20Sans%3A300%2C300italic%2Cregular%2Citalic%2C600%2C600italic%2C700%2C700italic%2C800%2C800italic|font_style:400%20regular%3A400%3Anormal\u00bb css_animation=\u00bbnone\u00bb][vc_single_image image=\u00bb4829&#8243; img_size=\u00bbfull\u00bb alignment=\u00bbcenter\u00bb css=\u00bb.vc_custom_1594143497536{padding-top: 1.5rem !important;padding-bottom: 0px !important;}\u00bb][\/vc_column][\/vc_row][vc_row el_class=\u00bbsubpage-content\u00bb el_id=\u00bbCanadian-Lobster-Best-in-the-World\u00bb][vc_column][vc_custom_heading text=\u00bbBogavante canadiense: El mejor del mundo\u00bb google_fonts=\u00bbfont_family:Source%20Sans%20Pro%3A200%2C200italic%2C300%2C300italic%2Cregular%2Citalic%2C600%2C600italic%2C700%2C700italic%2C900%2C900italic|font_style:400%20regular%3A400%3Anormal\u00bb el_class=\u00bbsub-section-heading\u00bb][vc_column_text]El bogavante canadiense es uno de los manjares m\u00e1s tentadores del oc\u00e9ano. Una vez que se descubren los numerosos formatos del producto, c\u00f3mo y d\u00f3nde comprar, c\u00f3mo almacenar y preparar, el bogavante se convierte ...<\/div>\n<p><a class=\"ka_button tt_ medium_button medium_cherry\" role=\"button\" href=\"https:\/\/lobsterfromcanada.com\/es\/el-mundo-del-bogavante-canadiense\/\">Ver m\u00e1s<\/a><\/p>\n<\/div>\n<\/div>\n<\/div>\n<\/div>\n<\/div>\n\n<div class=\"wpb_column vc_column_container vc_col-sm-3\">\n<div class=\"vc_column-inner\">\n<div class=\"wpb_wrapper\">\n<div class=\"true-image-box-1\">\n<div class=\"true-img-wrap\">[vc_single_image source=\u00bbfeatured_image\u00bb css_animation=\u00bbtop-to-bottom\u00bb img_size=\u00bblarge\u00bb onclick=\u00bbcustom_link\u00bb link=\u00bbhttps:\/\/lobsterfromcanada.com\/es\/sostenibilidad-y-trazabilidad\/\u00bb]<\/div>\n<div class=\"true-text-wrap\">\n<h3>Sostenibilidad y trazabilidad<\/h3>\n<div>[vc_row full_width=\u00bbstretch_row\u00bb el_class=\u00bbhero-menu-container\u00bb][vc_column][rev_slider_vc alias=\u00bbsustainability-and-traceability-es\u00bb][vc_wp_custommenu nav_menu=\u00bb42&#8243; el_class=\u00bbcustom-sub-menu for-members\u00bb][\/vc_column][\/vc_row][vc_row css=\u00bb.vc_custom_1600701631971{margin-top: 0px !important;padding-top: 0px !important;}\u00bb][vc_column][vc_widget_sidebar sidebar_id=\u00bbca-sidebar-5772&#8243;][\/vc_column][\/vc_row][vc_row][vc_column css=\u00bb.vc_custom_1594143508245{margin-bottom: 0px !important;padding-bottom: 0px !important;}\u00bb][vc_custom_heading source=\u00bbpost_title\u00bb font_container=\u00bbtag:h2|text_align:left|color:%23c8102e\u00bb google_fonts=\u00bbfont_family:Open%20Sans%3A300%2C300italic%2Cregular%2Citalic%2C600%2C600italic%2C700%2C700italic%2C800%2C800italic|font_style:400%20regular%3A400%3Anormal\u00bb css_animation=\u00bbnone\u00bb][vc_single_image image=\u00bb4829&#8243; img_size=\u00bbfull\u00bb alignment=\u00bbcenter\u00bb css=\u00bb.vc_custom_1594143497536{padding-top: 1.5rem !important;padding-bottom: 0px !important;}\u00bb][\/vc_column][\/vc_row][vc_row el_class=\u00bbsubpage-content\u00bb][vc_column][vc_column_text]<br \/>\nLa pesca de bogavante canadiense es una de las m\u00e1s cuidadosamente controladas del mundo. Preservamos la salud y la estabilidad de la poblaci\u00f3n de Homarus americanus, controlando cu\u00e1nto tomamos hoy para proteger el futuro de la especie.<br \/>\n[\/vc_column_text][vc_column_text]Los consumidores y distribuidores son ahora m\u00e1s conscientes que nunca de la ...<\/div>\n<p><a class=\"ka_button tt_ medium_button medium_cherry\" role=\"button\" href=\"https:\/\/lobsterfromcanada.com\/es\/sostenibilidad-y-trazabilidad\/\">Ver m\u00e1s<\/a><\/p>\n<\/div>\n<\/div>\n<\/div>\n<\/div>\n<\/div>\n\n<div class=\"wpb_column vc_column_container vc_col-sm-3\">\n<div class=\"vc_column-inner\">\n<div class=\"wpb_wrapper\">\n<div class=\"true-image-box-1\">\n<div class=\"true-img-wrap\">[vc_single_image source=\u00bbfeatured_image\u00bb css_animation=\u00bbtop-to-bottom\u00bb img_size=\u00bblarge\u00bb onclick=\u00bbcustom_link\u00bb link=\u00bbhttps:\/\/lobsterfromcanada.com\/es\/manipulacion-del-bogavante\/\u00bb]<\/div>\n<div class=\"true-text-wrap\">\n<h3>Manipulaci\u00f3n del bogavante<\/h3>\n<div>[vc_row full_width=\u00bbstretch_row\u00bb css=\u00bb.vc_custom_1594389097559{margin-top: 0px !important;margin-bottom: 0px !important;padding-top: 0px !important;padding-bottom: 0px !important;}\u00bb el_class=\u00bbhero-menu-container\u00bb][vc_column][vc_wp_custommenu nav_menu=\u00bb44&#8243; el_class=\u00bbcustom-sub-menu\u00bb][\/vc_column][\/vc_row][vc_row][vc_column][vc_widget_sidebar sidebar_id=\u00bbca-sidebar-5772&#8243;][\/vc_column][\/vc_row][vc_row][vc_column][vc_custom_heading source=\u00bbpost_title\u00bb font_container=\u00bbtag:h2|text_align:left|color:%23c8102e\u00bb google_fonts=\u00bbfont_family:Open%20Sans%3A300%2C300italic%2Cregular%2Citalic%2C600%2C600italic%2C700%2C700italic%2C800%2C800italic|font_style:400%20regular%3A400%3Anormal\u00bb css_animation=\u00bbnone\u00bb][vc_single_image image=\u00bb4829&#8243; img_size=\u00bbfull\u00bb alignment=\u00bbcenter\u00bb css=\u00bb.vc_custom_1594134305302{padding-top: 1.5rem !important;}\u00bb][\/vc_column][\/vc_row][vc_row][vc_column][vc_column_text el_class=\u00bblead\u00bb]Los bogavantes se recolectan en el este de Canad\u00e1, en las cinco provincias que incluyen Nueva Escocia, Nuevo Brunswick, Isla del Pr\u00edncipe Eduardo, Terranova y Labrador y Quebec. El bogavante recolectado se vende vivo y en cientos de formas procesadas, que incluyen carne de bogavante fresco y colas congeladas, entero con caparaz\u00f3n y muchos otros ...<\/div>\n<p><a class=\"ka_button tt_ medium_button medium_cherry\" role=\"button\" href=\"https:\/\/lobsterfromcanada.com\/es\/manipulacion-del-bogavante\/\">Ver m\u00e1s<\/a><\/p>\n<\/div>\n<\/div>\n<\/div>\n<\/div>\n<\/div>\n\n<div class=\"wpb_column vc_column_container vc_col-sm-3\">\n<div class=\"vc_column-inner\">\n<div class=\"wpb_wrapper\">\n<div class=\"true-image-box-1\">\n<div class=\"true-img-wrap\">[vc_single_image source=\u00bbfeatured_image\u00bb css_animation=\u00bbtop-to-bottom\u00bb img_size=\u00bblarge\u00bb onclick=\u00bbcustom_link\u00bb link=\u00bbhttps:\/\/lobsterfromcanada.com\/es\/bogavante-en-la-ue\/\u00bb]<\/div>\n<div class=\"true-text-wrap\">\n<h3>Bogavante en la UE<\/h3>\n<div>[vc_row full_width=\u00bbstretch_row\u00bb css=\u00bb.vc_custom_1594389097559{margin-top: 0px !important;margin-bottom: 0px !important;padding-top: 0px !important;padding-bottom: 0px !important;}\u00bb el_class=\u00bbhero-menu-container\u00bb][vc_column][vc_wp_custommenu nav_menu=\u00bb35&#8243; el_class=\u00bbcustom-sub-menu\u00bb][\/vc_column][\/vc_row][vc_row][vc_column][vc_widget_sidebar sidebar_id=\u00bbca-sidebar-5772&#8243;][\/vc_column][\/vc_row][vc_row][vc_column][vc_custom_heading source=\u00bbpost_title\u00bb font_container=\u00bbtag:h2|text_align:left|color:%23c8102e\u00bb google_fonts=\u00bbfont_family:Open%20Sans%3A300%2C300italic%2Cregular%2Citalic%2C600%2C600italic%2C700%2C700italic%2C800%2C800italic|font_style:400%20regular%3A400%3Anormal\u00bb css_animation=\u00bbnone\u00bb][vc_single_image image=\u00bb4829&#8243; img_size=\u00bbfull\u00bb alignment=\u00bbcenter\u00bb css=\u00bb.vc_custom_1594134305302{padding-top: 1.5rem !important;}\u00bb][\/vc_column][\/vc_row][vc_row el_class=\u00bbsubpage-content\u00bb el_id=\u00bbCETA-and-Zero-Import-Tariffs\u00bb][vc_column][vc_custom_heading text=\u00bbCETA y aranceles de importaci\u00f3n cero\u00bb google_fonts=\u00bbfont_family:Source%20Sans%20Pro%3A200%2C200italic%2C300%2C300italic%2Cregular%2Citalic%2C600%2C600italic%2C700%2C700italic%2C900%2C900italic|font_style:400%20regular%3A400%3Anormal\u00bb el_class=\u00bbsub-section-heading\u00bb][vc_column_text]El Acuerdo Econ\u00f3mico y Comercial Integral (CETA) entre Canad\u00e1 y la Uni\u00f3n Europea (UE) es un acuerdo comercial progresivo que defiende y promueve los valores que Canad\u00e1 comparte con la UE. Este acuerdo hist\u00f3rico se firm\u00f3 el 30 de octubre de 2016 y entr\u00f3 en vigor ...<\/div>\n<p><a class=\"ka_button tt_ medium_button medium_cherry\" role=\"button\" href=\"https:\/\/lobsterfromcanada.com\/es\/bogavante-en-la-ue\/\">Ver m\u00e1s<\/a><\/p>\n<\/div>\n<\/div>\n<\/div>\n<\/div>\n<\/div>\n<\/div>[\/vc_column][\/vc_row]\n<\/div>","protected":false},"excerpt":{"rendered":"<p>[vc_row full_width=\u00bbstretch_row\u00bb css=\u00bb.vc_custom_1594389097559{margin-top: 0px !important;margin-bottom: 0px !important;padding-top: 0px !important;padding-bottom: 0px !important;}\u00bb el_class=\u00bbhero-menu-container\u00bb][vc_column][vc_wp_custommenu nav_menu=\u00bb35&#8243; el_class=\u00bbcustom-sub-menu\u00bb][\/vc_column][\/vc_row][vc_row][vc_column][vc_widget_sidebar sidebar_id=\u00bbca-sidebar-5772&#8243;][\/vc_column][\/vc_row][vc_row][vc_column][vc_custom_heading source=\u00bbpost_title\u00bb font_container=\u00bbtag:h2|text_align:left|color:%23c8102e\u00bb google_fonts=\u00bbfont_family:Open%20Sans%3A300%2C300italic%2Cregular%2Citalic%2C600%2C600italic%2C700%2C700italic%2C800%2C800italic|font_style:400%20regular%3A400%3Anormal\u00bb css_animation=\u00bbnone\u00bb][vc_single_image image=\u00bb4829&#8243; img_size=\u00bbfull\u00bb alignment=\u00bbcenter\u00bb css=\u00bb.vc_custom_1594134305302{padding-top: 1.5rem !important;}\u00bb][\/vc_column][\/vc_row][vc_row el_class=\u00bbsubpage-content\u00bb el_id=\u00bbCETA-and-Zero-Import-Tariffs\u00bb][vc_column][vc_custom_heading text=\u00bbCETA y aranceles de importaci\u00f3n cero\u00bb google_fonts=\u00bbfont_family:Source%20Sans%20Pro%3A200%2C200italic%2C300%2C300italic%2Cregular%2Citalic%2C600%2C600italic%2C700%2C700italic%2C900%2C900italic|font_style:400%20regular%3A400%3Anormal\u00bb el_class=\u00bbsub-section-heading\u00bb][vc_column_text]El Acuerdo Econ\u00f3mico y Comercial Integral (CETA) entre Canad\u00e1 y la Uni\u00f3n Europea (UE) es un acuerdo comercial progresivo que defiende y promueve los valores que Canad\u00e1 comparte con la UE. Este acuerdo hist\u00f3rico se firm\u00f3 el 30 de octubre de 2016 y entr\u00f3 en vigor &#8230;<\/p>\n","protected":false},"author":11,"featured_media":6181,"parent":0,"menu_order":-7,"comment_status":"closed","ping_status":"closed","template":"template-full-width.php","meta":{"_acf_changed":false,"inline_featured_image":false,"footnotes":""},"tags":[],"class_list":["post-6244","page","type-page","status-publish","has-post-thumbnail","hentry"],"acf":[],"_links":{"self":[{"href":"https:\/\/lobsterfromcanada.com\/es\/wp-json\/wp\/v2\/pages\/6244","targetHints":{"allow":["GET"]}}],"collection":[{"href":"https:\/\/lobsterfromcanada.com\/es\/wp-json\/wp\/v2\/pages"}],"about":[{"href":"https:\/\/lobsterfromcanada.com\/es\/wp-json\/wp\/v2\/types\/page"}],"author":[{"embeddable":true,"href":"https:\/\/lobsterfromcanada.com\/es\/wp-json\/wp\/v2\/users\/11"}],"replies":[{"embeddable":true,"href":"https:\/\/lobsterfromcanada.com\/es\/wp-json\/wp\/v2\/comments?post=6244"}],"version-history":[{"count":0,"href":"https:\/\/lobsterfromcanada.com\/es\/wp-json\/wp\/v2\/pages\/6244\/revisions"}],"wp:featuredmedia":[{"embeddable":true,"href":"https:\/\/lobsterfromcanada.com\/es\/wp-json\/wp\/v2\/media\/6181"}],"wp:attachment":[{"href":"https:\/\/lobsterfromcanada.com\/es\/wp-json\/wp\/v2\/media?parent=6244"}],"wp:term":[{"taxonomy":"post_tag","embeddable":true,"href":"https:\/\/lobsterfromcanada.com\/es\/wp-json\/wp\/v2\/tags?post=6244"}],"curies":[{"name":"wp","href":"https:\/\/api.w.org\/{rel}","templated":true}]}}